{"id":2821,"date":"2026-01-19T15:31:19","date_gmt":"2026-01-19T14:31:19","guid":{"rendered":"https:\/\/www.campingdecruas.com\/?page_id=2821"},"modified":"2026-01-19T15:32:59","modified_gmt":"2026-01-19T14:32:59","slug":"wohnwagenplatz-im-camping-harmony","status":"publish","type":"page","link":"https:\/\/www.campingdecruas.com\/de\/wohnwagenplatz-im-camping-harmony\/","title":{"rendered":"Wohnwagenplatz im Camping Harmony"},"content":{"rendered":"\n<div class=\"wp-block-cover alignfull\"><span aria-hidden=\"true\" class=\"has-background-dim-0 wp-block-cover__gradient-background has-background-dim\"><\/span><img width=\"1800\" height=\"925\" class=\"wp-block-cover__image-background wp-image-705\" alt=\"standort natur cruas\" src=\"https:\/\/www.campingdecruas.com\/wp-content\/uploads\/2023\/03\/245-hebergement-emplacement-1800x925-1.jpg\" style=\"object-position:67% 93%\" data-object-fit=\"cover\" data-object-position=\"67% 93%\" srcset=\"https:\/\/www.campingdecruas.com\/wp-content\/uploads\/2023\/03\/245-hebergement-emplacement-1800x925-1.jpg 1800w, https:\/\/www.campingdecruas.com\/wp-content\/uploads\/2023\/03\/245-hebergement-emplacement-1800x925-1-300x154.jpg 300w, https:\/\/www.campingdecruas.com\/wp-content\/uploads\/2023\/03\/245-hebergement-emplacement-1800x925-1-1024x526.jpg 1024w, https:\/\/www.campingdecruas.com\/wp-content\/uploads\/2023\/03\/245-hebergement-emplacement-1800x925-1-768x395.jpg 768w, https:\/\/www.campingdecruas.com\/wp-content\/uploads\/2023\/03\/245-hebergement-emplacement-1800x925-1-1536x789.jpg 1536w\" sizes=\"(max-width: 1800px) 100vw, 1800px\" \/><div class=\"wp-block-cover__inner-container\">\n<p class=\"has-text-align-center has-large-font-size\"><\/p>\n<\/div><\/div>\n\n\n\n<h1 class=\"alignfull has-text-align-center has-blanc-color has-bleu-fonce-background-color has-text-color has-background\" id=\"des-emplacements-spacieux-pour-tentes-caravanes-et-camping-car\"><strong>Wohnwagenplatz im Camping Harmony \u2013 Stellpl\u00e4tze f\u00fcr Wohnwagen und Vans<\/strong><\/h1>\n\n\n\n<p>Der Camping Harmony bietet hochwertige <strong>Wohnwagenpl\u00e4tze<\/strong> und <strong>Stellpl\u00e4tze f\u00fcr Vans und Wohnmobile<\/strong> in einer ruhigen und naturnahen Umgebung. Unsere Stellpl\u00e4tze sind ideal f\u00fcr Urlauber, die mit dem Wohnwagen oder Van reisen und einen komfortablen Campingurlaub in Frankreich verbringen m\u00f6chten. Genie\u00dfen Sie Freiheit, Natur und eine angenehme Atmosph\u00e4re auf unserem Campingplatz.<\/p>\n\n\n\n<div class=\"wp-block-media-text alignfull has-media-on-the-right is-stacked-on-mobile is-image-fill H-05 has-bleu-fonce-background-color has-background\"><figure class=\"wp-block-media-text__media\" style=\"background-image:url(https:\/\/www.campingdecruas.com\/wp-content\/uploads\/2023\/03\/218-editeur_page_bloc_element-sanitaires-1800x925-1-1024x526.jpg);background-position:42% 75%\"><img width=\"1024\" height=\"526\" src=\"https:\/\/www.campingdecruas.com\/wp-content\/uploads\/2023\/03\/218-editeur_page_bloc_element-sanitaires-1800x925-1-1024x526.jpg\" alt=\"\" class=\"wp-image-589 size-full\" srcset=\"https:\/\/www.campingdecruas.com\/wp-content\/uploads\/2023\/03\/218-editeur_page_bloc_element-sanitaires-1800x925-1-1024x526.jpg 1024w, https:\/\/www.campingdecruas.com\/wp-content\/uploads\/2023\/03\/218-editeur_page_bloc_element-sanitaires-1800x925-1-300x154.jpg 300w, https:\/\/www.campingdecruas.com\/wp-content\/uploads\/2023\/03\/218-editeur_page_bloc_element-sanitaires-1800x925-1-768x395.jpg 768w, https:\/\/www.campingdecruas.com\/wp-content\/uploads\/2023\/03\/218-editeur_page_bloc_element-sanitaires-1800x925-1-1536x789.jpg 1536w, https:\/\/www.campingdecruas.com\/wp-content\/uploads\/2023\/03\/218-editeur_page_bloc_element-sanitaires-1800x925-1.jpg 1800w\" sizes=\"(max-width: 1024px) 100vw, 1024px\" \/><\/figure><div class=\"wp-block-media-text__content\">\n<h2 class=\"fleur\" id=\"des-parcelles-vastes-et-arborees-pour-des-vacances-nature\">Stellplatz f\u00fcr Wohnwagen und Vans auf dem Camping Harmony<\/h2>\n\n\n\n<p>Unsere <strong>Stellpl\u00e4tze f\u00fcr Wohnwagen und Vans<\/strong> sind gro\u00dfz\u00fcgig angelegt und leicht zug\u00e4nglich. Sie eignen sich sowohl f\u00fcr klassische Wohnwagen als auch f\u00fcr moderne Vans und Kastenwagen. Die ruhige Lage des Camping Harmony macht unsere Wohnwagenpl\u00e4tze besonders attraktiv f\u00fcr Reisende, die Entspannung und Natur suchen.<\/p>\n<\/div><\/div>\n\n\n\n<div class=\"wp-block-media-text alignfull is-stacked-on-mobile is-image-fill H-20 has-jaune-background-color has-background\"><figure class=\"wp-block-media-text__media\" style=\"background-image:url(https:\/\/www.campingdecruas.com\/wp-content\/uploads\/2023\/03\/386-galerie-harm14.jpg);background-position:50% 50%\"><img width=\"750\" height=\"563\" src=\"https:\/\/www.campingdecruas.com\/wp-content\/uploads\/2023\/03\/386-galerie-harm14.jpg\" alt=\"Wohnwagenplatz Ard\u00e8che\" class=\"wp-image-713 size-full\" srcset=\"https:\/\/www.campingdecruas.com\/wp-content\/uploads\/2023\/03\/386-galerie-harm14.jpg 750w, https:\/\/www.campingdecruas.com\/wp-content\/uploads\/2023\/03\/386-galerie-harm14-300x225.jpg 300w\" sizes=\"(max-width: 750px) 100vw, 750px\" \/><\/figure><div class=\"wp-block-media-text__content\">\n<h2 class=\"petale-vert has-bleu-fonce-color has-text-color\" id=\"une-situation-ideale-sur-la-viarhona\">Komfortabler Wohnwagenplatz mit praktischer Ausstattung<\/h2>\n\n\n\n<p>Jeder <strong>Wohnwagenstellplatz<\/strong> auf dem Camping Harmony ist so konzipiert, dass er einen angenehmen und funktionalen Aufenthalt erm\u00f6glicht. Die N\u00e4he zu den sanit\u00e4ren Anlagen und den Serviceeinrichtungen des Campingplatzes sorgt f\u00fcr zus\u00e4tzlichen Komfort. Unsere Stellpl\u00e4tze bieten ideale Bedingungen f\u00fcr einen entspannten Campingurlaub mit Wohnwagen oder Van.<\/p>\n\n\n\n<div class=\"wp-container-69df29b4025b6 wp-block-buttons\">\n<div class=\"wp-block-button\"><a class=\"wp-block-button__link\" href=\"https:\/\/www.campingdecruas.com\/de\/kontakt\/\"><i class=\"fas fa-mailbox\"><\/i>  Kontaktieren Sie uns<\/a><\/div>\n<\/div>\n<\/div><\/div>\n\n\n\n<div class=\"wp-block-media-text alignfull has-media-on-the-right is-stacked-on-mobile is-image-fill H-05 has-bleu-fonce-background-color has-background\"><figure class=\"wp-block-media-text__media\" style=\"background-image:url(https:\/\/www.campingdecruas.com\/wp-content\/uploads\/2023\/10\/Pont_dArc_HDR.jpg);background-position:50% 50%\"><img width=\"640\" height=\"360\" src=\"https:\/\/www.campingdecruas.com\/wp-content\/uploads\/2023\/10\/Pont_dArc_HDR.jpg\" alt=\"\" class=\"wp-image-1623 size-full\" srcset=\"https:\/\/www.campingdecruas.com\/wp-content\/uploads\/2023\/10\/Pont_dArc_HDR.jpg 640w, https:\/\/www.campingdecruas.com\/wp-content\/uploads\/2023\/10\/Pont_dArc_HDR-300x169.jpg 300w\" sizes=\"(max-width: 640px) 100vw, 640px\" \/><\/figure><div class=\"wp-block-media-text__content\">\n<h2 class=\"fleur\" id=\"camping-harmony-ihr-wohnwagenplatz-fur-einen-gelungenen-campingurlaub\">Camping Harmony: Ihr Wohnwagenplatz f\u00fcr einen gelungenen Campingurlaub<\/h2>\n\n\n\n<p>Der Camping Harmony ist der perfekte Ort f\u00fcr einen <strong>Campingurlaub mit Wohnwagen oder Van<\/strong>. Dank seiner Lage und seiner Ausstattung ist unser Campingplatz ein beliebtes Ziel f\u00fcr Caravaning-Fans. Unsere Wohnwagenpl\u00e4tze verbinden Komfort, Ruhe und Natur und bieten Ihnen die ideale Basis f\u00fcr Ihren Aufenthalt auf dem Camping Harmony.<\/p>\n<\/div><\/div>\n","protected":false},"excerpt":{"rendered":"<p>Wohnwagenplatz im Camping Harmony \u2013 Stellpl\u00e4tze f\u00fcr Wohnwagen und Vans Der Camping Harmony bietet hochwertige Wohnwagenpl\u00e4tze und Stellpl\u00e4tze f\u00fcr Vans und Wohnmobile in einer ruhigen und naturnahen Umgebung. Unsere Stellpl\u00e4tze sind ideal f\u00fcr Urlauber, die mit dem Wohnwagen oder Van reisen und einen komfortablen Campingurlaub in Frankreich verbringen m\u00f6chten. Genie\u00dfen Sie Freiheit, Natur und eine [&hellip;]<\/p>\n","protected":false},"author":1,"featured_media":0,"parent":0,"menu_order":0,"comment_status":"closed","ping_status":"closed","template":"","meta":[],"acf":[],"_links":{"self":[{"href":"https:\/\/www.campingdecruas.com\/de\/wp-json\/wp\/v2\/pages\/2821"}],"collection":[{"href":"https:\/\/www.campingdecruas.com\/de\/wp-json\/wp\/v2\/pages"}],"about":[{"href":"https:\/\/www.campingdecruas.com\/de\/wp-json\/wp\/v2\/types\/page"}],"author":[{"embeddable":true,"href":"https:\/\/www.campingdecruas.com\/de\/wp-json\/wp\/v2\/users\/1"}],"replies":[{"embeddable":true,"href":"https:\/\/www.campingdecruas.com\/de\/wp-json\/wp\/v2\/comments?post=2821"}],"version-history":[{"count":7,"href":"https:\/\/www.campingdecruas.com\/de\/wp-json\/wp\/v2\/pages\/2821\/revisions"}],"predecessor-version":[{"id":2829,"href":"https:\/\/www.campingdecruas.com\/de\/wp-json\/wp\/v2\/pages\/2821\/revisions\/2829"}],"wp:attachment":[{"href":"https:\/\/www.campingdecruas.com\/de\/wp-json\/wp\/v2\/media?parent=2821"}],"curies":[{"name":"wp","href":"https:\/\/api.w.org\/{rel}","templated":true}]}}