{"id":2673,"date":"2025-09-18T10:07:53","date_gmt":"2025-09-18T08:07:53","guid":{"rendered":"https:\/\/www.campingdecruas.com\/?page_id=2673"},"modified":"2025-09-18T10:07:54","modified_gmt":"2025-09-18T08:07:54","slug":"camping-valence-nahe-autobahn","status":"publish","type":"page","link":"https:\/\/www.campingdecruas.com\/de\/camping-valence-nahe-autobahn\/","title":{"rendered":"Ihr Camping bei Valence in der N\u00e4he der Autobahn"},"content":{"rendered":"\n<div class=\"wp-block-cover alignfull\"><span aria-hidden=\"true\" class=\"has-background-dim-0 wp-block-cover__gradient-background has-background-dim\"><\/span><img width=\"1440\" height=\"1080\" class=\"wp-block-cover__image-background wp-image-682\" alt=\"mobilheim natur cruas\" src=\"https:\/\/www.campingdecruas.com\/wp-content\/uploads\/2023\/03\/408-hebergement-psx-20220317-120401-1920x1080-1.jpg\" style=\"object-position:54% 45%\" data-object-fit=\"cover\" data-object-position=\"54% 45%\" srcset=\"https:\/\/www.campingdecruas.com\/wp-content\/uploads\/2023\/03\/408-hebergement-psx-20220317-120401-1920x1080-1.jpg 1440w, https:\/\/www.campingdecruas.com\/wp-content\/uploads\/2023\/03\/408-hebergement-psx-20220317-120401-1920x1080-1-300x225.jpg 300w, https:\/\/www.campingdecruas.com\/wp-content\/uploads\/2023\/03\/408-hebergement-psx-20220317-120401-1920x1080-1-1024x768.jpg 1024w, https:\/\/www.campingdecruas.com\/wp-content\/uploads\/2023\/03\/408-hebergement-psx-20220317-120401-1920x1080-1-768x576.jpg 768w\" sizes=\"(max-width: 1440px) 100vw, 1440px\" \/><div class=\"wp-block-cover__inner-container\">\n<p class=\"has-text-align-center has-large-font-size\"><\/p>\n<\/div><\/div>\n\n\n\n<div class=\"wp-block-media-text alignfull has-media-on-the-right is-stacked-on-mobile is-image-fill H-05 has-blanc-color has-bleu-fonce-background-color has-text-color has-background\"><figure class=\"wp-block-media-text__media\" style=\"background-image:url(https:\/\/www.campingdecruas.com\/wp-content\/uploads\/2025\/09\/AdobeStock_169902823-1-1024x683.jpeg);background-position:50% 50%\"><img width=\"1024\" height=\"683\" src=\"https:\/\/www.campingdecruas.com\/wp-content\/uploads\/2025\/09\/AdobeStock_169902823-1-1024x683.jpeg\" alt=\"camping valence n\u00e4he autobahn\" class=\"wp-image-2681 size-full\" srcset=\"https:\/\/www.campingdecruas.com\/wp-content\/uploads\/2025\/09\/AdobeStock_169902823-1-1024x683.jpeg 1024w, https:\/\/www.campingdecruas.com\/wp-content\/uploads\/2025\/09\/AdobeStock_169902823-1-300x200.jpeg 300w, https:\/\/www.campingdecruas.com\/wp-content\/uploads\/2025\/09\/AdobeStock_169902823-1-768x512.jpeg 768w, https:\/\/www.campingdecruas.com\/wp-content\/uploads\/2025\/09\/AdobeStock_169902823-1-1536x1024.jpeg 1536w, https:\/\/www.campingdecruas.com\/wp-content\/uploads\/2025\/09\/AdobeStock_169902823-1-2048x1365.jpeg 2048w\" sizes=\"(max-width: 1024px) 100vw, 1024px\" \/><\/figure><div class=\"wp-block-media-text__content\">\n<h1 id=\"camping-valence-nahe-autobahn-praktische-lage-fur-ihre-reise\">Camping Valence N\u00e4he Autobahn: Praktische Lage f\u00fcr Ihre Reise<\/h1>\n\n\n\n<p>Wenn Sie mit dem Auto, Wohnmobil oder Caravan unterwegs sind, ist eine gute Anbindung besonders wichtig. Unser <strong>Camping Harmony bei Valence<\/strong> liegt nur wenige Minuten von der Autobahn entfernt und ist somit ideal f\u00fcr Reisende, die auf dem Weg nach Spanien, in die Provence oder an die C\u00f4te d\u2019Azur sind. Dank der schnellen Erreichbarkeit sparen Sie Zeit und k\u00f6nnen gleichzeitig eine entspannte Auszeit in ruhiger Umgebung genie\u00dfen.<\/p>\n\n\n\n<p>Viele G\u00e4ste nutzen unseren Campingplatz f\u00fcr eine Zwischen\u00fcbernachtung auf der Durchreise, doch auch l\u00e4ngere Aufenthalte sind m\u00f6glich. Von hier aus erreichen Sie bequem die Stadt <strong><a href=\"https:\/\/www.campingdecruas.com\/de\/alentours\/campingurlaub-in-frankreich-in-der-naehe-von-valence\/\">Valence<\/a><\/strong>, die mit ihren M\u00e4rkten, Restaurants und kulturellen Sehensw\u00fcrdigkeiten zum Entdecken einl\u00e4dt.<\/p>\n\n\n\n<div class=\"wp-container-69e008e3cd8cb wp-block-buttons\">\n<div class=\"wp-block-button\"><a class=\"wp-block-button__link\" href=\"https:\/\/www.campingdecruas.com\/alentours\/\"><i class=\"fal fa-arrow-left\"><\/i> Zur\u00fcck in die Umgebung<\/a><\/div>\n<\/div>\n<\/div><\/div>\n\n\n\n<h2 class=\"has-bleu-fonce-color has-text-color\" id=\"komfort-natur-und-erholung-in-der-nahe-von-valence\">Komfort, Natur und Erholung in der N\u00e4he von Valence<\/h2>\n\n\n\n<p>Unser Campingplatz bietet Ihnen nicht nur eine ideale Lage, sondern auch den Komfort, den Sie sich nach einer langen Fahrt w\u00fcnschen. Gro\u00dfe Stellpl\u00e4tze, moderne Sanit\u00e4ranlagen, ein <strong><a href=\"https:\/\/www.campingdecruas.com\/de\/schwimmbad-camping-ardeche\/\">Schwimmbad <\/a><\/strong>und verschiedene Freizeitm\u00f6glichkeiten sorgen daf\u00fcr, dass Sie sich sofort wohlf\u00fchlen.<\/p>\n\n\n\n<div class=\"wp-block-media-text alignfull has-media-on-the-right is-stacked-on-mobile is-image-fill H-05 has-bleu-clair-background-color has-background\"><figure class=\"wp-block-media-text__media\" style=\"background-image:url(https:\/\/www.campingdecruas.com\/wp-content\/uploads\/2025\/09\/AdobeStock_523203211-1-1024x684.jpeg);background-position:50% 50%\"><img width=\"1024\" height=\"684\" src=\"https:\/\/www.campingdecruas.com\/wp-content\/uploads\/2025\/09\/AdobeStock_523203211-1-1024x684.jpeg\" alt=\"camping valence n\u00e4he autobahn\" class=\"wp-image-2686 size-full\" srcset=\"https:\/\/www.campingdecruas.com\/wp-content\/uploads\/2025\/09\/AdobeStock_523203211-1-1024x684.jpeg 1024w, https:\/\/www.campingdecruas.com\/wp-content\/uploads\/2025\/09\/AdobeStock_523203211-1-300x200.jpeg 300w, https:\/\/www.campingdecruas.com\/wp-content\/uploads\/2025\/09\/AdobeStock_523203211-1-768x513.jpeg 768w, https:\/\/www.campingdecruas.com\/wp-content\/uploads\/2025\/09\/AdobeStock_523203211-1-1536x1025.jpeg 1536w, https:\/\/www.campingdecruas.com\/wp-content\/uploads\/2025\/09\/AdobeStock_523203211-1-2048x1367.jpeg 2048w\" sizes=\"(max-width: 1024px) 100vw, 1024px\" \/><\/figure><div class=\"wp-block-media-text__content\">\n<p>Besonders gesch\u00e4tzt wird unser Campingplatz von Reisenden, weil er:<\/p>\n\n\n\n<ul><li>nur wenige Minuten von der <strong>Autobahn<\/strong> entfernt liegt,<\/li><li>sich ideal f\u00fcr eine \u00dcbernachtung auf der Durchreise eignet,<\/li><li>sowohl Stellpl\u00e4tze f\u00fcr <strong>Wohnmobile <\/strong>als auch Zelte bietet,<\/li><li>eine ruhige Umgebung inmitten der Natur garantiert,<\/li><li>schnellen Zugang zu Valence und den Sehensw\u00fcrdigkeiten der <strong>Dr\u00f4me <\/strong>erm\u00f6glicht.<\/li><\/ul>\n\n\n\n<p>Die N\u00e4he zur Natur macht unseren Campingplatz besonders attraktiv: umgeben von Gr\u00fcnfl\u00e4chen k\u00f6nnen Sie die Ruhe genie\u00dfen und neue Energie tanken. Gleichzeitig erreichen Sie innerhalb kurzer Zeit Gesch\u00e4fte, Restaurants und Ausflugsm\u00f6glichkeiten.<\/p>\n\n\n\n<p>Ob Sie auf der Durchreise sind oder Valence und seine Umgebung n\u00e4her erkunden m\u00f6chten \u2013 <strong>Camping Harmony in der N\u00e4he der Autobahn<\/strong> ist die perfekte Wahl.<\/p>\n\n\n\n<div class=\"wp-container-69e008e3cdd30 wp-block-buttons\">\n<div class=\"wp-block-button aligncenter\"><a class=\"wp-block-button__link has-blanc-color has-bleu-fonce-background-color has-text-color has-background\" href=\"https:\/\/www.campingdecruas.com\/de\/campingplatz-nahe-autobahn-a7-frankreich\/\"><strong>Autobahn A7<\/strong><\/a><\/div>\n<\/div>\n<\/div><\/div>\n","protected":false},"excerpt":{"rendered":"<p>Komfort, Natur und Erholung in der N\u00e4he von Valence Unser Campingplatz bietet Ihnen nicht nur eine ideale Lage, sondern auch den Komfort, den Sie sich nach einer langen Fahrt w\u00fcnschen. Gro\u00dfe Stellpl\u00e4tze, moderne Sanit\u00e4ranlagen, ein Schwimmbad und verschiedene Freizeitm\u00f6glichkeiten sorgen daf\u00fcr, dass Sie sich sofort wohlf\u00fchlen.<\/p>\n","protected":false},"author":1,"featured_media":0,"parent":0,"menu_order":0,"comment_status":"closed","ping_status":"closed","template":"","meta":[],"acf":[],"_links":{"self":[{"href":"https:\/\/www.campingdecruas.com\/de\/wp-json\/wp\/v2\/pages\/2673"}],"collection":[{"href":"https:\/\/www.campingdecruas.com\/de\/wp-json\/wp\/v2\/pages"}],"about":[{"href":"https:\/\/www.campingdecruas.com\/de\/wp-json\/wp\/v2\/types\/page"}],"author":[{"embeddable":true,"href":"https:\/\/www.campingdecruas.com\/de\/wp-json\/wp\/v2\/users\/1"}],"replies":[{"embeddable":true,"href":"https:\/\/www.campingdecruas.com\/de\/wp-json\/wp\/v2\/comments?post=2673"}],"version-history":[{"count":6,"href":"https:\/\/www.campingdecruas.com\/de\/wp-json\/wp\/v2\/pages\/2673\/revisions"}],"predecessor-version":[{"id":2693,"href":"https:\/\/www.campingdecruas.com\/de\/wp-json\/wp\/v2\/pages\/2673\/revisions\/2693"}],"wp:attachment":[{"href":"https:\/\/www.campingdecruas.com\/de\/wp-json\/wp\/v2\/media?parent=2673"}],"curies":[{"name":"wp","href":"https:\/\/api.w.org\/{rel}","templated":true}]}}