{"id":1840,"date":"2024-02-12T17:12:44","date_gmt":"2024-02-12T16:12:44","guid":{"rendered":"https:\/\/www.campingdecruas.com\/?page_id=1840"},"modified":"2025-10-08T16:12:11","modified_gmt":"2025-10-08T14:12:11","slug":"campingplatz-nahe-autobahn-a7-frankreich","status":"publish","type":"page","link":"https:\/\/www.campingdecruas.com\/de\/campingplatz-nahe-autobahn-a7-frankreich\/","title":{"rendered":"Campingplatz Harmony in der N\u00e4he der Autobahn A7 in Frankreich"},"content":{"rendered":"\n<div class=\"wp-block-cover alignfull\"><span aria-hidden=\"true\" class=\"has-background-dim-0 wp-block-cover__gradient-background has-background-dim\"><\/span><img width=\"1800\" height=\"925\" class=\"wp-block-cover__image-background wp-image-556\" alt=\"Startseite camping proche A7 france\" src=\"https:\/\/www.campingdecruas.com\/wp-content\/uploads\/2023\/03\/253-editeur_page_bloc_element-vue-camping-lac-1800x925-1.jpg\" style=\"object-position:50% 25%\" data-object-fit=\"cover\" data-object-position=\"50% 25%\" srcset=\"https:\/\/www.campingdecruas.com\/wp-content\/uploads\/2023\/03\/253-editeur_page_bloc_element-vue-camping-lac-1800x925-1.jpg 1800w, https:\/\/www.campingdecruas.com\/wp-content\/uploads\/2023\/03\/253-editeur_page_bloc_element-vue-camping-lac-1800x925-1-300x154.jpg 300w, https:\/\/www.campingdecruas.com\/wp-content\/uploads\/2023\/03\/253-editeur_page_bloc_element-vue-camping-lac-1800x925-1-1024x526.jpg 1024w, https:\/\/www.campingdecruas.com\/wp-content\/uploads\/2023\/03\/253-editeur_page_bloc_element-vue-camping-lac-1800x925-1-768x395.jpg 768w, https:\/\/www.campingdecruas.com\/wp-content\/uploads\/2023\/03\/253-editeur_page_bloc_element-vue-camping-lac-1800x925-1-1536x789.jpg 1536w\" sizes=\"(max-width: 1800px) 100vw, 1800px\" \/><div class=\"wp-block-cover__inner-container\">\n<p class=\"has-text-align-center has-large-font-size\"><\/p>\n<\/div><\/div>\n\n\n\n<div class=\"wp-container-69e13c35dc275 wp-block-group alignfull has-blanc-color has-bleu-fonce-background-color has-text-color has-background\"><div class=\"wp-block-group__inner-container\">\n<h1 class=\"alignfull has-text-align-center\" id=\"campingplatz-harmony-in-der-nahe-der-autobahn-a7-in-frankreich\"><em><strong>Campingplatz Harmony<\/strong><\/em> in der N\u00e4he der Autobahn A7 in Frankreich<\/h1>\n\n\n\n<p class=\"has-text-align-center\">Wir heissen Sie herzlich willkommen auf dem <strong>Campingplatz Harmony<\/strong>, das ideale Urlaubsziel f\u00fcr Ihren Aufenthalt in nat\u00fcrlicher Umgebung. Schnell und leicht erreichbar von der <strong>Autobahn A7 in Frankreich<\/strong> laden wir Sie ein, die Vorteile unserer \u00e4usserst g\u00fcnstigen Lage auszunutzen : die einfache, schnelle Zufahrt von der Autobahn regt dazu an, ohne Zeitverlust die interessanten Sehensw\u00fcrdigkeiten unserer Gegend rasch zu entdecken. Freuen Sie sich auf den <strong>Komfort <\/strong>und die entspannte <strong>Atmosph\u00e4re <\/strong>auf dem <strong>Campingplatz Harmony<\/strong>&#8211; Ihre Oase zum Entspannen in unmittelbarer N\u00e4he der Autobahn A7.<\/p>\n<\/div><\/div>\n\n\n\n<div class=\"wp-block-media-text alignfull has-media-on-the-right is-stacked-on-mobile is-image-fill H-05 has-bleu-clair-background-color has-background\"><figure class=\"wp-block-media-text__media\" style=\"background-image:url(https:\/\/www.campingdecruas.com\/wp-content\/uploads\/2023\/03\/184-editeur_page_bloc_element-location-1800x725-1.jpg);background-position:50% 50%\"><img width=\"1800\" height=\"725\" src=\"https:\/\/www.campingdecruas.com\/wp-content\/uploads\/2023\/03\/184-editeur_page_bloc_element-location-1800x725-1.jpg\" alt=\"mobilheim camping harmony frankreich\" class=\"wp-image-586 size-full\" srcset=\"https:\/\/www.campingdecruas.com\/wp-content\/uploads\/2023\/03\/184-editeur_page_bloc_element-location-1800x725-1.jpg 1800w, https:\/\/www.campingdecruas.com\/wp-content\/uploads\/2023\/03\/184-editeur_page_bloc_element-location-1800x725-1-300x121.jpg 300w, https:\/\/www.campingdecruas.com\/wp-content\/uploads\/2023\/03\/184-editeur_page_bloc_element-location-1800x725-1-1024x412.jpg 1024w, https:\/\/www.campingdecruas.com\/wp-content\/uploads\/2023\/03\/184-editeur_page_bloc_element-location-1800x725-1-768x309.jpg 768w, https:\/\/www.campingdecruas.com\/wp-content\/uploads\/2023\/03\/184-editeur_page_bloc_element-location-1800x725-1-1536x619.jpg 1536w\" sizes=\"(max-width: 1800px) 100vw, 1800px\" \/><\/figure><div class=\"wp-block-media-text__content\">\n<h2 class=\"fleur\" id=\"une-situation-ideale-sur-la-viarhona\">Mobilheime und Stellpl\u00e4tze in der Ard\u00e8che in der N\u00e4he der Autobahn A7<\/h2>\n\n\n\n<p>In unserer Anlage sind die <a href=\"https:\/\/www.campingdecruas.com\/de\/standorte-camping-cruas\/\" data-type=\"URL\" data-id=\"https:\/\/www.campingdecruas.com\/de\/standorte-camping-cruas\/\">baumbestandene Stellpl\u00e4tze<\/a> unser ganzer Stolz. Unter majest\u00e4tischen B\u00e4umen wird Ihnen ein friedlicher Rahmen f\u00fcr Ihren Urlaub in nat\u00fcrlicher Umgebung geboten. Ob Sie mit dem Zelt, dem Wohnwagen oder dem Wohnmobil unterwegs sind, unter den Baumkronen finden Sie Frische und an sonnigen Tagen auch angenehmen Schatten. Hier k\u00f6nnen Sie sich bestens nach einem langen<strong> Tag auf der A7<\/strong> erholen und entspannen.<\/p>\n\n\n\n<h3 id=\"komfort-und-natur-in-harmony\">Komfort und Natur in Harmony<\/h3>\n\n\n\n<p>F\u00fcr diejenigen, die es gern bequem haben, sind unsere Mobilheime mit allem Komfort genau das Richtige. Sie sind ger\u00e4umig, bestens ausgestattet und bieten einen <strong>luxuri\u00f6sen R\u00fcckzugsort<\/strong> inmitten der Natur. Unsere <a href=\"https:\/\/www.campingdecruas.com\/de\/vermietung-mobilheime-ardeche\/\" data-type=\"URL\" data-id=\"https:\/\/www.campingdecruas.com\/de\/vermietung-mobilheime-ardeche\/\">Mobilheime in Frankreich <\/a>sind mit allen modernen Annehmlichkeiten versehen und garantieren Ihnen einen gem\u00fctlichen und erholsamen Aufenthalt. So k\u00f6nnen Sie Ihre Auszeit genie\u00dfen, ohne sich um eventuell aufkommende Details vor Ort k\u00fcmmern zu m\u00fcssen.<\/p>\n\n\n\n<p>Auf dem <strong>Campingplatz Harmony<\/strong> wissen wir, wie wichtig es f\u00fcr die Reisenden ist, die N\u00e4he der Autobahn A7 mit einer angenehmen Atmosph\u00e4re in nat\u00fcrlicher Umgebung auf einen Nenner zu bringen. Freuen Sie sich auf ein neues Erlebnis, das Ihnen unser <strong>Campingplatz nahe bei der A7 in Frankreich <\/strong>verspricht. Dort gesellt sich <strong>Komfort zur Natu<\/strong>r in harmonischer Art und Weise, wodurch unvergessliche Erinnerungen zustande kommen. Buchen Sie sobald wie m\u00f6glich, um die einmalig sch\u00f6ne, au\u00dfergew\u00f6hnliche Lage zu entdecken.<\/p>\n\n\n\n<div class=\"wp-container-69e13c35dc6cd wp-block-buttons\">\n<div class=\"wp-block-button\"><a class=\"wp-block-button__link\" href=\"https:\/\/www.campingdecruas.com\/de\/\" target=\"_blank\" rel=\"noreferrer noopener\"><i class=\"fas fa-tags\"><\/i> den Campingplatz entdecken<\/a><\/div>\n<\/div>\n<\/div><\/div>\n\n\n\n<div class=\"wp-block-media-text alignfull is-stacked-on-mobile is-image-fill H-20 has-jaune-background-color has-background\"><figure class=\"wp-block-media-text__media\" style=\"background-image:url(https:\/\/www.campingdecruas.com\/wp-content\/uploads\/2023\/03\/thomas-bormans-eu5X8Ge5aDs-unsplash-1024x683.jpg);background-position:50% 50%\"><img width=\"1024\" height=\"683\" src=\"https:\/\/www.campingdecruas.com\/wp-content\/uploads\/2023\/03\/thomas-bormans-eu5X8Ge5aDs-unsplash-1024x683.jpg\" alt=\"Tal der Ard\u00e8che\" class=\"wp-image-583 size-full\" srcset=\"https:\/\/www.campingdecruas.com\/wp-content\/uploads\/2023\/03\/thomas-bormans-eu5X8Ge5aDs-unsplash-1024x683.jpg 1024w, https:\/\/www.campingdecruas.com\/wp-content\/uploads\/2023\/03\/thomas-bormans-eu5X8Ge5aDs-unsplash-300x200.jpg 300w, https:\/\/www.campingdecruas.com\/wp-content\/uploads\/2023\/03\/thomas-bormans-eu5X8Ge5aDs-unsplash-768x512.jpg 768w, https:\/\/www.campingdecruas.com\/wp-content\/uploads\/2023\/03\/thomas-bormans-eu5X8Ge5aDs-unsplash-1536x1024.jpg 1536w, https:\/\/www.campingdecruas.com\/wp-content\/uploads\/2023\/03\/thomas-bormans-eu5X8Ge5aDs-unsplash-2048x1365.jpg 2048w\" sizes=\"(max-width: 1024px) 100vw, 1024px\" \/><\/figure><div class=\"wp-block-media-text__content\">\n<h2 class=\"petale-vert has-bleu-fonce-color has-text-color\" id=\"une-situation-ideale-sur-la-viarhona\">Umgebung Ihres Campingplatzes, leicht erreichbar von der Autobahn A7<\/h2>\n\n\n\n<p>Die Umgebung des <strong>Campingplatzes Harmony in Ard\u00e8che <\/strong>birgt jede Menge zu entdeckende Sehensw\u00fcrdigkeiten. Dank der g\u00fcnstigen Erreichbarkeit zu beliebten <strong>Reisezielen von der Autobahn A7<\/strong> aus hat man hier eine excellente Bleibe. Ideal f\u00fcr Urlauber, die auf Abenteuersuche sind oder Entspannung suchen. Inmitten der wundersch\u00f6nen Gegend der Ard\u00e8che schmiegt sich unser <strong>Campingplatz in Frankreich<\/strong> als idealer Ausgangspunkt ein, zum Kennenlernen, was dieses Departement an Interessantem zu bieten hat.<\/p>\n\n\n\n<p>Au\u00dfergew\u00f6hnliche Orte wie der bekannte Regionale Naturpark der<strong> Monts d&#8217;Ard\u00e8che <\/strong>sind in nur wenigen Kilometern von der Autobahn A7 erreichbar. In diesem Naturschutzgebiet wechseln sich malerische Wanderwege, erfrischende Wasserf\u00e4lle und atemberaubende Ausblicke auf die umliegenden Berge ab.<\/p>\n\n\n\n<p>Ein weiteres unumg\u00e4ngliches Prachtst\u00fcck ist das <strong>Ch\u00e2teau de Crussol<\/strong>, eine majest\u00e4tische mittelalterliche Festung. Hoch oben auf einem H\u00fcgel gew\u00e4hrt sie einen Panoramablick \u00fcber das <strong>Rh\u00f4ne-Tal<\/strong>. Weiterhin w\u00e4re auch ein Besuch der <strong>Ard\u00e8che- H\u00f6hlen<\/strong> vorzuschlagen, die sich f\u00fcr ihre faszinierenden Felsformationen und pr\u00e4historischen H\u00f6hlenmalereien einen Namen gemacht haben.<\/p>\n\n\n\n<h3 id=\"aktivitaten-und-erlebnisse-rund-um-den-campingplatz-harmony\">Aktivit\u00e4ten und Erlebnisse rund um den Campingplatz Harmony<\/h3>\n\n\n\n<p>Sollten Sie gern Wassersport treiben, bietet Ihnen der nahegelegene <strong>Fluss Ard\u00e8che<\/strong> die M\u00f6glichkeit zum <strong>Kanu<\/strong>&#8211; oder <strong>Paddlefahren<\/strong>. Auch Weinkenner kommen auf Ihre Kosten. Bei den dortigen Weing\u00fctern kann man anhalten, um Weinproben der authentische Ard\u00e8che-Weine zu machen.<\/p>\n\n\n\n<p>Der <strong>Campingplatz Harmony<\/strong> in <a href=\"https:\/\/www.campingdecruas.com\/de\/alentours\/cruas\/\" data-type=\"URL\" data-id=\"https:\/\/www.campingdecruas.com\/de\/alentours\/cruas\/\">Cruas <\/a>erlaubt Ihnen, all dies schnell und einfach dank seiner Lage zu unternehmen, was Ihren Aufenthalt mit unvergesslichen Erinnerungen bereichert. Entscheiden Sie sich, nun zu buchen und planen Sie jetzt schon, die kulturelle und nat\u00fcrliche Reichhaltigkeit der Ard\u00e8che kennenzulernen. Zudem k\u00f6nnen Sie sich auch dann schon auf den Komfort unseres Campingplatzes nahe der <strong>Autobahn A7<\/strong> in Frankreich freuen.<\/p>\n\n\n\n<div class=\"wp-container-69e13c35dcb20 wp-block-buttons\">\n<div class=\"wp-block-button\"><a class=\"wp-block-button__link\" href=\"https:\/\/www.campingdecruas.com\/de\/umgebung\/\"><i class=\"fas fa-globe-stand\"><\/i>  Entdecken Sie die Ard\u00e8che und ihre Umgebung<\/a><\/div>\n<\/div>\n<\/div><\/div>\n\n\n\n<div class=\"wp-block-media-text alignfull has-media-on-the-right is-stacked-on-mobile is-image-fill H-25\"><figure class=\"wp-block-media-text__media\" style=\"background-image:url(https:\/\/www.campingdecruas.com\/wp-content\/uploads\/2023\/03\/382-galerie-harm9.jpg);background-position:63% 66%\"><img width=\"781\" height=\"561\" src=\"https:\/\/www.campingdecruas.com\/wp-content\/uploads\/2023\/03\/382-galerie-harm9.jpg\" alt=\"eingerichtete unterkunft ard\u00e8che\" class=\"wp-image-848 size-full\" srcset=\"https:\/\/www.campingdecruas.com\/wp-content\/uploads\/2023\/03\/382-galerie-harm9.jpg 781w, https:\/\/www.campingdecruas.com\/wp-content\/uploads\/2023\/03\/382-galerie-harm9-300x215.jpg 300w, https:\/\/www.campingdecruas.com\/wp-content\/uploads\/2023\/03\/382-galerie-harm9-768x552.jpg 768w\" sizes=\"(max-width: 781px) 100vw, 781px\" \/><\/figure><div class=\"wp-block-media-text__content\">\n<h2 class=\"petale has-bleu-fonce-color has-text-color\" id=\"une-situation-ideale-sur-la-viarhona\">Dienstleistungen des 3-Sterne-Campingplatzes, nahe der Autobahn A7<\/h2>\n\n\n\n<p>Auf unserem <a href=\"https:\/\/www.campingdecruas.com\/de\/\" data-type=\"URL\" data-id=\"https:\/\/www.campingdecruas.com\/de\/\">Campingplatz Harmony in der N\u00e4he der Autobahn A7<\/a> in Frankreich sind wir sehr stolz darauf, Ihnen einen au\u00dfergew\u00f6hnlichen <strong>3-Sterne-Aufenthalt<\/strong> zu bieten, der Ihnen Komfort und Annehmlichkeiten, und dies in Natur pur, bietet. Entdecken Sie das vielf\u00e4ltige <a href=\"https:\/\/www.campingdecruas.com\/de\/dienste-camping-autobahn-a7\/\" data-type=\"URL\" data-id=\"https:\/\/www.campingdecruas.com\/de\/dienste-camping-autobahn-a7\/\">Dienstleistungsangebot <\/a>sowie die Einrichtungen, die aus Ihrem Aufenthalt bei uns dann zu sch\u00f6nen Erinnerungen werden.<\/p>\n\n\n\n<h3 id=\"kulinarik-und-genuss-auf-dem-campingplatz\">Kulinarik und Genuss auf dem Campingplatz<\/h3>\n\n\n\n<p>Unser <strong>Restaurant<\/strong>, ein gastronomisches Highlight, l\u00e4dt Sie ein, dort mit Genuss bei der dortigen und internationalen K\u00fcche zu schlemmen. Genie\u00dfen Sie k\u00f6stliche Speisen in <strong>gem\u00fctlicher Atmosph\u00e4re<\/strong>, wobei man gleichzeitig mit einem herrlichen Blick auf den See und den Fluss, die an unseren Campingplatz angrenzen, verw\u00f6hnt wird.<\/p>\n\n\n\n<p>Ein gro\u00dfer Vorteil unseres Campingplatzes ist auch der <strong>direkte Zugang zum See und zum Fluss<\/strong>. W\u00e4hlen Sie zwischen einem erfrischenden Bad, \u00fcben Sie <strong>Wassersport <\/strong>aus oder geben Sie sich einfach nur einem entspannten Tag am Wasser hin. Hier stimmt alles, um inmitten der <strong>Natur <\/strong>neue <strong>Energie <\/strong>tanken zu k\u00f6nnen.<\/p>\n\n\n\n<h3 id=\"service-aktivitaten-und-freizeitangebote\">Service, Aktivit\u00e4ten und Freizeitangebote<\/h3>\n\n\n\n<p>Unser tatkr\u00e4ftiges, verst\u00e4ndnisvolles Team wird Sie herzlich empfangen und steht Ihnen w\u00e4hrend Ihres Aufenthaltes zur Verf\u00fcgung, um je nach Bedarf hilfreich f\u00fcr Ihr Wohlergehen zu sorgen, damit Sie sich wie zu Hause f\u00fchlen. Sie haben auch einen gut ausgestatteten W\u00e4scherei-Raum vor Ort, damit Sie Ihre Sachen w\u00e4hrend Ihres <strong>Urlaubes <\/strong>laufend sauber und frisch halten k\u00f6nnen.<\/p>\n\n\n\n<p>Sollten Sie sich gern mit <strong>Boules-Spielen<\/strong> die Zeit vertreiben, dann begeben Sie sich zu unserem gepflegten <strong>Boulesplatz<\/strong>. Dies ist der ideale Treffpunkt f\u00fcr lustige Wettk\u00e4mpfe und entspannende Momente mit der <strong>Familie <\/strong>oder mit <strong>Freunden<\/strong>.<\/p>\n\n\n\n<p>Auf dem <strong>Campingplatz Harmony in Frankreich<\/strong> sind wir bestrebt, Ihnen einen erstklassigen <strong>3-Sterne-Aufenthalt<\/strong> zu gew\u00e4hrleisten, wo moderner <strong>Komfort <\/strong>in einer sehr sch\u00f6nen, nat\u00fcrlichen Umgebung unserer Stellpl\u00e4tze zu einer empfehlenswerten Adresse wird. Buchen Sie umgehend und g\u00f6nnen Sie sich die Top-Qualit\u00e4t eines <strong>Campingplatzes in der N\u00e4he der Autobahn A7 in Frankreich<\/strong>.<\/p>\n\n\n\n<div class=\"wp-container-69e13c35dcf93 wp-block-buttons\">\n<div class=\"wp-block-button\"><a class=\"wp-block-button__link\" href=\"https:\/\/www.campingdecruas.com\/de\/vermietung-mobilheime-ardeche\/\"><i class=\"fas fa-house-tree\"><\/i>  Entdecken Sie die Unterk\u00fcnfte<\/a><\/div>\n<\/div>\n<\/div><\/div>\n","protected":false},"excerpt":{"rendered":"<p>Campingplatz Harmony in der N\u00e4he der Autobahn A7 in Frankreich Wir heissen Sie herzlich willkommen auf dem Campingplatz Harmony, das ideale Urlaubsziel f\u00fcr Ihren Aufenthalt in nat\u00fcrlicher Umgebung. Schnell und leicht erreichbar von der Autobahn A7 in Frankreich laden wir Sie ein, die Vorteile unserer \u00e4usserst g\u00fcnstigen Lage auszunutzen : die einfache, schnelle Zufahrt von [&hellip;]<\/p>\n","protected":false},"author":1,"featured_media":0,"parent":0,"menu_order":0,"comment_status":"closed","ping_status":"closed","template":"","meta":[],"acf":[],"_links":{"self":[{"href":"https:\/\/www.campingdecruas.com\/de\/wp-json\/wp\/v2\/pages\/1840"}],"collection":[{"href":"https:\/\/www.campingdecruas.com\/de\/wp-json\/wp\/v2\/pages"}],"about":[{"href":"https:\/\/www.campingdecruas.com\/de\/wp-json\/wp\/v2\/types\/page"}],"author":[{"embeddable":true,"href":"https:\/\/www.campingdecruas.com\/de\/wp-json\/wp\/v2\/users\/1"}],"replies":[{"embeddable":true,"href":"https:\/\/www.campingdecruas.com\/de\/wp-json\/wp\/v2\/comments?post=1840"}],"version-history":[{"count":6,"href":"https:\/\/www.campingdecruas.com\/de\/wp-json\/wp\/v2\/pages\/1840\/revisions"}],"predecessor-version":[{"id":2713,"href":"https:\/\/www.campingdecruas.com\/de\/wp-json\/wp\/v2\/pages\/1840\/revisions\/2713"}],"wp:attachment":[{"href":"https:\/\/www.campingdecruas.com\/de\/wp-json\/wp\/v2\/media?parent=1840"}],"curies":[{"name":"wp","href":"https:\/\/api.w.org\/{rel}","templated":true}]}}