{"id":1714,"date":"2023-11-09T11:38:59","date_gmt":"2023-11-09T10:38:59","guid":{"rendered":"https:\/\/www.campingdecruas.com\/?page_id=1714"},"modified":"2024-03-15T16:29:46","modified_gmt":"2024-03-15T15:29:46","slug":"campingplatz-montelimar","status":"publish","type":"page","link":"https:\/\/www.campingdecruas.com\/de\/campingplatz-montelimar\/","title":{"rendered":"Campingplatz in der N\u00e4he von Mont\u00e9limar"},"content":{"rendered":"\n<div class=\"wp-block-cover alignfull\"><span aria-hidden=\"true\" class=\"has-background-dim-0 wp-block-cover__gradient-background has-background-dim\"><\/span><img width=\"910\" height=\"575\" class=\"wp-block-cover__image-background wp-image-1720\" alt=\"Pont Mont\u00e9limar\" src=\"https:\/\/www.campingdecruas.com\/wp-content\/uploads\/2023\/11\/france-montelimar-old-stone-1.jpg\" style=\"object-position:53% 46%\" data-object-fit=\"cover\" data-object-position=\"53% 46%\" srcset=\"https:\/\/www.campingdecruas.com\/wp-content\/uploads\/2023\/11\/france-montelimar-old-stone-1.jpg 910w, https:\/\/www.campingdecruas.com\/wp-content\/uploads\/2023\/11\/france-montelimar-old-stone-1-300x190.jpg 300w, https:\/\/www.campingdecruas.com\/wp-content\/uploads\/2023\/11\/france-montelimar-old-stone-1-768x485.jpg 768w\" sizes=\"(max-width: 910px) 100vw, 910px\" \/><div class=\"wp-block-cover__inner-container\">\n<h1 class=\"has-text-align-center has-blanc-color has-text-color\" id=\"campingplatz-in-der-nahe-von-montelimar\"><strong>Campingplatz in der N\u00e4he von Mont\u00e9limar<\/strong><\/h1>\n<\/div><\/div>\n\n\n\n<div class=\"wp-block-media-text alignfull is-stacked-on-mobile is-image-fill H-30 has-jaune-background-color has-background\" style=\"grid-template-columns:38% auto\"><figure class=\"wp-block-media-text__media\" style=\"background-image:url(https:\/\/www.campingdecruas.com\/wp-content\/uploads\/2023\/11\/white-nougat-sweetness-marshmallows-ware-gaz.jpg);background-position:50% 50%\"><img width=\"910\" height=\"683\" src=\"https:\/\/www.campingdecruas.com\/wp-content\/uploads\/2023\/11\/white-nougat-sweetness-marshmallows-ware-gaz.jpg\" alt=\"Nougat Mont\u00e9limar\" class=\"wp-image-1723 size-full\" srcset=\"https:\/\/www.campingdecruas.com\/wp-content\/uploads\/2023\/11\/white-nougat-sweetness-marshmallows-ware-gaz.jpg 910w, https:\/\/www.campingdecruas.com\/wp-content\/uploads\/2023\/11\/white-nougat-sweetness-marshmallows-ware-gaz-300x225.jpg 300w, https:\/\/www.campingdecruas.com\/wp-content\/uploads\/2023\/11\/white-nougat-sweetness-marshmallows-ware-gaz-768x576.jpg 768w\" sizes=\"(max-width: 910px) 100vw, 910px\" \/><\/figure><div class=\"wp-block-media-text__content\">\n<p>Lernen Sie unseren einladenden <a href=\"https:\/\/www.campingdecruas.com\/de\/\" data-type=\"page\">Campingplatz nahe bei Mont\u00e9limar<\/a> kennen, wenn Sie einen unvergesslichen Urlaub nicht weit entfernt von der Ard\u00e8che verbringen m\u00f6chten. Unser <strong>3-Sterne-Campingplatz in der Ard\u00e8che<\/strong> l\u00e4dt Sie dazu ein, hier einen ganz speziellen Aufenthalt inmitten seiner nat\u00fcrlichen Umgebung zu erleben. An diesem Ort k\u00f6nnen Sie in einem wundersch\u00f6nen, bewaldeten Park ausgiebig Natur pur tanken und dies in unmittelbarer N\u00e4he der bekannten Stadt Mont\u00e9limar.<\/p>\n<\/div><\/div>\n\n\n\n<div style=\"height:30px\" aria-hidden=\"true\" class=\"wp-block-spacer\"><\/div>\n\n\n\n<h2 id=\"machen-sie-einen-camping-urlaub-in-der-nahe-von-montelimar\">Machen Sie einen Camping-Urlaub in der N\u00e4he von Mont\u00e9limar<\/h2>\n\n\n\n<p>Unser Campingplatz ist der ideale Ausgangspunkt zum Kennenlernen von Mont\u00e9limar, denn er liegt nur etwa 20 Autominuten vom Stadtzentrum entfernt. Und diese interessante, attraktive Stadt im D\u00e9partement Dr\u00f4me hat den Vorteil, nur <strong>einen Katzensprung von der Via Rh\u00f4na<\/strong> entfernt zu sein. Mont\u00e9limar liegt eingeschmiegt zwischen den Ufern der <strong>Fl\u00fcsse Rh\u00f4ne und Dr\u00f4me<\/strong> und ist die zweitgr\u00f6\u00dfte Stadt des Departements. Im S\u00fcdosten Frankreichs gelegen, ist sie von den <strong>regionalen Naturparks Monts d&#8217;Ard\u00e8che<\/strong>, Vercors und Baronnies Proven\u00e7ales umgeben. Au\u00dferdem ist die Anreise \u00fcber die nicht sehr weit entfernte <strong>Autobahn A 7<\/strong> dorthin praktisch, mit gleicher Entfernung von den Alpen her und zum Mittelmeer hin. <\/p>\n\n\n\n<p><strong>Mont\u00e9limar in der Region Auvergne-Rh\u00f4ne-Alpes<\/strong> gilt als ein Reiseziel, das passionierte Urlauber anzieht, die auf der Suche nach Charme, Kultur und einem authentischen Erlebnis in S\u00fcdfrankreich sind. Hier herrscht ein provenzalisches Klima, das sich sehr gut f\u00fcr einen sonnigen Urlaub eignet. Dies ist ideal, um die Landschaft, das dortige Kulturerbe und die umliegende Natur n\u00e4her kennenlernen zu k\u00f6nnen. Nehmen Sie die Gelegenheit wahr, von unserem <a href=\"https:\/\/www.campingdecruas.com\/de\/umgebung\/\">Campingplatz in der Ard\u00e8che<\/a> aus Ihr&nbsp;Wissen \u00fcber die dortige Kunst und Geschichte w\u00e4hrend Ihres Aufenthalts nahe bei Mont\u00e9limar zu bereichern.<\/p>\n\n\n\n<h2 id=\"was-kann-man-denn-alles-in-montelimar-und-umgebung-unternehmen\">Was kann man denn alles in Mont\u00e9limar und Umgebung unternehmen ?<\/h2>\n\n\n\n<p>Mont\u00e9limar wurde Dank seiner k\u00f6stlichen S\u00fc\u00dfigkeiten, insbesondere des Nougats, zu einem Begriff. Oft wird die Stadt als \u00ab Hauptstadt des Nougats&#8220; bezeichnet. F\u00fchrungen durch die \u00f6rtlichen <strong>Nougatfabriken<\/strong> erlauben es den Reisenden, die Geschichte dieser S\u00fc\u00dfigkeit kennenzulernen, verschiedene Nougatsorten zu probieren und dann diese leckeren Souvenirs zu kaufen, die sich auch als perfektes Urlaubsmitbringsel eignen.<\/p>\n\n\n\n<p>Die historische Alststadt von Mont\u00e9limar ist ein regelrechtes Prachtst\u00fcck. Dank seiner gepflasterten Stra\u00dfen, den mittelalterlichen H\u00e4usern und dem Schloss aus dem 12. Jahrhundert, dem <strong>Ch\u00e2teau des Adh\u00e9mar<\/strong>, einer zu der Zeit sehr einflussreichen Adelsfamilie. In diesem gut erhaltenen Schloss werden heute Ausstellungen zeitgen\u00f6ssischer Kunst organisiert und zudem hat man von dort aus einen Panoramablick auf die Stadt und \u00fcber die gesamte Umgebung. Geschichts- und Architekturenthusiasten kommen bei einem Spaziergang durch die malerischen Gassen von Mont\u00e9limar voll auf ihre Kosten. Die <strong>Kirche Sainte-Croix<\/strong>, die <strong>Chapelle des P\u00e9nitents<\/strong> und die <strong>Fontaine Saint-Martin<\/strong> geh\u00f6ren zu den historischen Bauten, die die Stadt bereichern.<\/p>\n\n\n\n<p>Verpassen Sie auch nicht den <strong>lebhaften Wochenmarkt<\/strong>, der hier jeden Samstagmorgen gehalten wird. Hier haben Sie die Wahl zwischen lokalen Produkten, provenzalischen Spezialit\u00e4ten, Kleidung und Kunsthandwerk. Dies ist der richtige Ort, um an der dortigen Lebenskunst teilzuhaben und auch ganz besondere Mitbringsel zu kaufen.<\/p>\n\n\n\n<p>Zudem finden in der Stadt das ganze Jahr hindurch zahlreiche kulturelle Veranstaltungen und Festivals statt, bei denen Musik, Theater und Kunst im Vordergrund stehen. Sie k\u00f6nnen das dortige Programm einsehen, vielleicht finden auch w\u00e4hrend Ihres Aufenthaltes interessante Festivals statt.<\/p>\n\n\n\n<p>Mont\u00e9limar ist zudem auch eine ideale Ausgangsbasis, um die wundersch\u00f6nen <strong>Landschaften der Ard\u00e8che zu entdecken<\/strong>. F\u00fcr Reisende, die die Natur lieben, w\u00e4re der regionale <strong>Naturpark Monts d&#8217;Ard\u00e8che<\/strong> zu erkunden. &nbsp;Dies ist ein echtes Paradies zum Wandern, Mountainbiken sowie f\u00fcr Outdoor-Sportarten. Die Schluchten der Ard\u00e8che, bekannt f\u00fcr ihre bezaubernde nat\u00fcrliche Sch\u00f6nheit, sind nur wenige Autostunden entfernt. Bei Mont\u00e9limar kann man von einem vielseitiges Reiseziel sprechen, denn dort finden in perfekter Weise <strong>Kultur, Gastronomie und Natur zueinander<\/strong>. Ob Sie nun Entspannung in der umliegenden Landschaft suchen, dem historischen Erbe der Stadt naeherkommen wollen oder nur die k\u00f6stlichen S\u00fc\u00dfigkeiten probieren m\u00f6chten &#8211; Mont\u00e9limar hat f\u00fcr jeden Reisetyp etwas. Hier besteht eine Symbiose aus Kunst und Geschichte, deren Harmonie Ihnen ein unvergessliches Reiseerlebnis in S\u00fcdfrankreich gew\u00e4ehrt. Entdecken Sie auch die Stadt <a href=\"https:\/\/www.campingdecruas.com\/de\/camping-in-der-umgebung-von-valence\/\" data-type=\"page\" data-id=\"1683\">Valence<\/a> von unserem <strong>3-Sterne-Campingplatz in der Ard\u00e8che<\/strong> aus.<\/p>\n\n\n\n<div style=\"height:30px\" aria-hidden=\"true\" class=\"wp-block-spacer\"><\/div>\n\n\n\n<div class=\"wp-block-media-text alignfull has-media-on-the-right is-stacked-on-mobile is-image-fill H-05 has-blanc-color has-bleu-fonce-background-color has-text-color has-background\"><figure class=\"wp-block-media-text__media\" style=\"background-image:url(https:\/\/www.campingdecruas.com\/wp-content\/uploads\/2023\/11\/ardeche-499754_1280-682x1024.jpg);background-position:50% 50%\"><img width=\"682\" height=\"1024\" src=\"https:\/\/www.campingdecruas.com\/wp-content\/uploads\/2023\/11\/ardeche-499754_1280-682x1024.jpg\" alt=\"Vall\u00e9e Ard\u00e8che Mont\u00e9limar\" class=\"wp-image-1698 size-full\" srcset=\"https:\/\/www.campingdecruas.com\/wp-content\/uploads\/2023\/11\/ardeche-499754_1280-682x1024.jpg 682w, https:\/\/www.campingdecruas.com\/wp-content\/uploads\/2023\/11\/ardeche-499754_1280-200x300.jpg 200w, https:\/\/www.campingdecruas.com\/wp-content\/uploads\/2023\/11\/ardeche-499754_1280-768x1152.jpg 768w, https:\/\/www.campingdecruas.com\/wp-content\/uploads\/2023\/11\/ardeche-499754_1280.jpg 853w\" sizes=\"(max-width: 682px) 100vw, 682px\" \/><\/figure><div class=\"wp-block-media-text__content\">\n<h2 id=\"wo-kann-man-in-der-nahe-von-montelimar-campen\">Wo kann man in der N\u00e4he von Mont\u00e9limar campen&nbsp;?<\/h2>\n\n\n\n<p>Sollten Sie sich f\u00fcr unser Angebot an Mobilheimen oder f\u00fcr unsere <a href=\"https:\/\/www.campingdecruas.com\/de\/standorte-camping-cruas\/\">komfortablen Stellpl\u00e4tze<\/a> entscheiden, dann k\u00f6nnen Sie Ihrem Aufenthalt ganz entspannt entgegensehen.<\/p>\n\n\n\n<p>Unsere voll <a href=\"https:\/\/www.campingdecruas.com\/de\/vermietung-mobilheime-ardeche\/\">ausgestatteten Mobilheime<\/a> befinden sich in gut verteilter Lage auf einem gro\u00dfen Gel\u00e4nde und garantieren daher totalen Komfort, den man f\u00fcr einen gelungenen Urlaub braucht- und dies noch zu einem sehr korrekten Preis. Eine ideale Option, damit der gesamten Familie die M\u00f6glichkeit gegeben ist, sich auf einem <strong>Campingplatz in der N\u00e4he von Mont\u00e9limar<\/strong> in einem \u00e4u\u00dferst ansprechenden Umfeld entspannen zu k\u00f6nnen.<\/p>\n\n\n\n<p>Dank unserer klar abgegrenzten Stellpl\u00e4tze besteht eine viel gesch\u00e4tzte Flexibilit\u00e4t, den Campingplatz in der Art und Weise zu nutzen, die einem zusagt. Es steht Ihnen frei, Ihr<strong> Zelt<\/strong>, Ihren <strong>Wohnwagen<\/strong> oder Ihr <strong>Wohnmobil<\/strong> mitten der Natur aufzustellen. Diese Stellpl\u00e4tze bieten Ihnen einen ruhigen, von B\u00e4umen umgebenen Rahmen mit <strong>direktem Zugang zum Fluss<\/strong>, w\u00e4hrend Sie gleichzeitig Zugang zu allen Einrichtungen unserer Anlage haben und von diesen, wenn erw\u00fcnscht, Gebrauch machen k\u00f6nnen.<\/p>\n\n\n\n<p>Der 3-Sterne-Service hier bietet einen zusaetzlichen Komfort fuer Campingfans jeden Alters mit der Option, in unserem <strong><a href=\"https:\/\/www.campingdecruas.com\/de\/dienste\/\" data-type=\"page\" data-id=\"1135\">Gourmetrestaurant in Cruas<\/a><\/strong> zu essen und auch die Gelegenheit wahrnehmen zu k\u00f6nnen, <a href=\"https:\/\/www.campingdecruas.com\/de\/schwimmbad-camping-ardeche\/\">sich am Pool zu entspannen<\/a>. Zu guter Letzt sei noch gesagt, dass unser <a href=\"https:\/\/www.campingdecruas.com\/de\/campingplatz-in-der-ardeche-direkt-am-flussufer\/\" data-type=\"page\" data-id=\"1470\">Campingplatz in der Ard\u00e8che direkt am flussufer<\/a> auch als der ideale Zwischenstopp f\u00fcr Radfahrer gesch\u00e4tzt wird, die auf der Via Rh\u00f4na unterwegs sind und nach einem einladenden und komfortablen Ort zum Uebernachten Ausschau halten.<\/p>\n\n\n\n<div style=\"height:30px\" aria-hidden=\"true\" class=\"wp-block-spacer\"><\/div>\n<\/div><\/div>\n\n\n\n<div style=\"height:100px\" aria-hidden=\"true\" class=\"wp-block-spacer\"><\/div>\n","protected":false},"excerpt":{"rendered":"<p>Lernen Sie unseren einladenden Campingplatz nahe bei Mont\u00e9limar kennen, wenn Sie einen unvergesslichen Urlaub nicht weit entfernt von der Ard\u00e8che verbringen m\u00f6chten. Unser 3-Sterne-Campingplatz in der Ard\u00e8che l\u00e4dt Sie dazu ein, hier einen ganz speziellen Aufenthalt inmitten seiner nat\u00fcrlichen Umgebung zu erleben. An diesem Ort k\u00f6nnen Sie in einem wundersch\u00f6nen, bewaldeten Park ausgiebig Natur pur [&hellip;]<\/p>\n","protected":false},"author":1,"featured_media":0,"parent":0,"menu_order":0,"comment_status":"closed","ping_status":"closed","template":"","meta":[],"acf":[],"_links":{"self":[{"href":"https:\/\/www.campingdecruas.com\/de\/wp-json\/wp\/v2\/pages\/1714"}],"collection":[{"href":"https:\/\/www.campingdecruas.com\/de\/wp-json\/wp\/v2\/pages"}],"about":[{"href":"https:\/\/www.campingdecruas.com\/de\/wp-json\/wp\/v2\/types\/page"}],"author":[{"embeddable":true,"href":"https:\/\/www.campingdecruas.com\/de\/wp-json\/wp\/v2\/users\/1"}],"replies":[{"embeddable":true,"href":"https:\/\/www.campingdecruas.com\/de\/wp-json\/wp\/v2\/comments?post=1714"}],"version-history":[{"count":4,"href":"https:\/\/www.campingdecruas.com\/de\/wp-json\/wp\/v2\/pages\/1714\/revisions"}],"predecessor-version":[{"id":2028,"href":"https:\/\/www.campingdecruas.com\/de\/wp-json\/wp\/v2\/pages\/1714\/revisions\/2028"}],"wp:attachment":[{"href":"https:\/\/www.campingdecruas.com\/de\/wp-json\/wp\/v2\/media?parent=1714"}],"curies":[{"name":"wp","href":"https:\/\/api.w.org\/{rel}","templated":true}]}}