{"id":1683,"date":"2023-11-09T10:44:47","date_gmt":"2023-11-09T09:44:47","guid":{"rendered":"https:\/\/www.campingdecruas.com\/?page_id=1683"},"modified":"2024-06-04T16:37:53","modified_gmt":"2024-06-04T14:37:53","slug":"camping-in-der-umgebung-von-valence","status":"publish","type":"page","link":"https:\/\/www.campingdecruas.com\/de\/camping-in-der-umgebung-von-valence\/","title":{"rendered":"Camping in der Umgebung von Valence"},"content":{"rendered":"\n<div class=\"wp-block-cover alignfull is-light\"><span aria-hidden=\"true\" class=\"has-background-dim-0 wp-block-cover__gradient-background has-background-dim\"><\/span><img width=\"1280\" height=\"854\" class=\"wp-block-cover__image-background wp-image-1707\" alt=\"Campingplatz in Valencia\" src=\"https:\/\/www.campingdecruas.com\/wp-content\/uploads\/2023\/11\/river-6853037_1280.jpg\" style=\"object-position:53% 46%\" data-object-fit=\"cover\" data-object-position=\"53% 46%\" srcset=\"https:\/\/www.campingdecruas.com\/wp-content\/uploads\/2023\/11\/river-6853037_1280.jpg 1280w, https:\/\/www.campingdecruas.com\/wp-content\/uploads\/2023\/11\/river-6853037_1280-300x200.jpg 300w, https:\/\/www.campingdecruas.com\/wp-content\/uploads\/2023\/11\/river-6853037_1280-1024x683.jpg 1024w, https:\/\/www.campingdecruas.com\/wp-content\/uploads\/2023\/11\/river-6853037_1280-768x512.jpg 768w\" sizes=\"(max-width: 1280px) 100vw, 1280px\" \/><div class=\"wp-block-cover__inner-container\">\n<p class=\"has-text-align-center has-large-font-size\"><\/p>\n<\/div><\/div>\n\n\n\n<div class=\"wp-block-media-text alignfull has-media-on-the-right is-stacked-on-mobile is-image-fill H-05 has-blanc-color has-bleu-fonce-background-color has-text-color has-background\"><figure class=\"wp-block-media-text__media\" style=\"background-image:url(https:\/\/www.campingdecruas.com\/wp-content\/uploads\/2023\/03\/216-galerie-allee-lac-1024x683.jpg);background-position:51% 100%\"><img width=\"1024\" height=\"683\" src=\"https:\/\/www.campingdecruas.com\/wp-content\/uploads\/2023\/03\/216-galerie-allee-lac-1024x683.jpg\" alt=\"Campingplatz am Flussufer\" class=\"wp-image-637 size-full\" srcset=\"https:\/\/www.campingdecruas.com\/wp-content\/uploads\/2023\/03\/216-galerie-allee-lac-1024x683.jpg 1024w, https:\/\/www.campingdecruas.com\/wp-content\/uploads\/2023\/03\/216-galerie-allee-lac-300x200.jpg 300w, https:\/\/www.campingdecruas.com\/wp-content\/uploads\/2023\/03\/216-galerie-allee-lac-768x512.jpg 768w, https:\/\/www.campingdecruas.com\/wp-content\/uploads\/2023\/03\/216-galerie-allee-lac-1536x1025.jpg 1536w, https:\/\/www.campingdecruas.com\/wp-content\/uploads\/2023\/03\/216-galerie-allee-lac.jpg 1920w\" sizes=\"(max-width: 1024px) 100vw, 1024px\" \/><\/figure><div class=\"wp-block-media-text__content\">\n<h1 id=\"camping-in-der-umgebung-von-valence\">Camping in der Umgebung von Valence<\/h1>\n\n\n\n<p>Ganz in der N\u00e4he von Valence, nur einen Katzensprung von der Ard\u00e8che entfernt, bietet Ihnen der <a href=\"https:\/\/www.campingdecruas.com\/de\/\">Campingplatz Harmony in Cruas<\/a> ganz bestimmt ein unvergessliches Urlaubserlebnis. Unser <strong>3-Sterne-Campingplatz in der Dr\u00f4me Proven\u00e7ale<\/strong> ist der ideale Ort, um Ihnen einen <strong>Urlaub in Natur<\/strong> pur zu bieten, und zwar in einem wundersch\u00f6n bewaldeten Park, in n\u00e4chster N\u00e4he der bekannten Stadt <strong>Valence und dem Fluss Rh\u00f4ne<\/strong>.<\/p>\n\n\n\n<div style=\"height:30px\" aria-hidden=\"true\" class=\"wp-block-spacer\"><\/div>\n<\/div><\/div>\n\n\n\n<div class=\"wp-block-columns H-10\">\n<div class=\"wp-block-column is-vertically-aligned-center\">\n<h2 class=\"petale has-bleu-fonce-color has-text-color\" id=\"besuchen-sie-valence-von-unserem-campingplatz-in-der-ardeche-aus\"><strong>Besuchen Sie Valence von unserem Campingplatz in der Ard\u00e8che aus!<\/strong><\/h2>\n\n\n\n<p>Valence, bei 40 km Entfernung von unserem Campingplatz, ist eine Stadt im Herzen des <strong>Departements Dr\u00f4me in der Region Auvergne-Rh\u00f4ne-Alpes<\/strong>, die Sie herzlich willkommen heisst. Bei Valence handelt es sich um ein Reiseziel, das den s\u00fcdlichen Charme Frankreichs sehr gut verk\u00f6rpert. Und dies Dank ihrer kopfsteinpflasterten charmaten Gassen, dem reichen Geschichts- und Kulturerbe sowie dem dort regelrecht florierenden Gastronomiegewerbe.<\/p>\n\n\n\n<p>Valence,&nbsp; eingeschmiegt zwischen der Bergkette des Vercors und den Ausl\u00e4ufern des Zentralmassivs, kann mit einem sonnigen Mittelmeerklima aufwarten, was es zu einem idealen Ganzjahresziel macht. Die Stadt wird von dem imposanten <strong>Fluss Rh\u00f4ne<\/strong> durchquert, wodurch den Reisenden herrliche Panoramen geboten werden.<\/p>\n\n\n\n<p>Historisch gesehen, ist Valence eine Stadt, die schon seit langem besteht und ein reiches Kulturerbe aufweisen kann. Das Herz der Altstadt ist ein regelrechtes Labyrinth aus engen G\u00e4sschen, charmanten Pl\u00e4tzen und gut erhaltenen historischen Geb\u00e4uden. Das Schmuckst\u00fcck ist jedoch zweifellos die <strong>Kathedrale Saint-Apollinaire<\/strong>, eine romanische Kathedrale aus dem 12. Jahrhundert mit einer wundersch\u00f6n gemeisselten Fassade. Das Innere der Kathedrale birgt Sch\u00e4tze sakraler Kunst, darunter auch beeindruckende Glasmalereien.<\/p>\n\n\n\n<p>Eine weitere historische Sehensw\u00fcrdigkeit, die Sie wenn m\u00f6glich nicht verpassen sollten, ist das auf einem H\u00fcgel gelegene Schloss Crussol. Von dieser mittelalterlichen Festung aus hat man einen Panoramablick auf die Stadt und die Umgebung. Wenn Sie mal an einer F\u00fchrung teilnehmen, k\u00f6nnen Sie auch der fesselnden Geschichte der Gegend n\u00e4herkommen. Ein immerzu beitragender <strong>Bestandteil des Lebens in Valence<\/strong> ist jedoch die Kultur. Die Stadt kann zahlreiche Museen und Kunstgalerien vorzeigen, darunter das <strong>Museum f\u00fcr Kunst und Arch\u00e4ologie<\/strong>. Hier besteht eine beeindruckende Sammlung von Werken von der Antike her bis zur zeitgen\u00f6ssischen Kunst. Im <strong>Mus\u00e9e de la R\u00e9sistance et de la D\u00e9portation<\/strong> wird die ergreifende Geschichte des Kampfes gegen die Nazi-Besatzung dargelegt, wobei man tiefgreifend an die dortigen tapferen Helden w\u00e4hrend des Zweiten Weltkriegs erinnert wird.<\/p>\n\n\n\n<p>Die Stadt hat sich auch wegen ihrer feinen, schmackhaften K\u00fcche einen Namen gemacht, wobei den K\u00f6stlichkeiten der Dr\u00f4me Ehre geb\u00fchrt wird. Auf den St\u00e4nden der dortigen M\u00e4rkte h\u00e4ufen sich Mengen von frischen Produkten, exquisiten K\u00e4sesorten, Oliven, Tr\u00fcffeln sowie bekannte Weinsorten. Sie sollten auch den Restaurants einen Besuch abstatten, wo man traditionelle provenzalische Gerichte mit modernen Kreationen in charmantem Ambiete probieren kann.<\/p>\n\n\n\n<p>Zudem finden in Valence au\u00dferdem das ganze Jahr \u00fcber zahlreiche Festivit\u00e4ten statt. Vor allem ist der <strong>Karneval von Valence<\/strong> mit seinen farbenfroh geschm\u00fcckten Wagen und Umz\u00fcgen ein wichtiges Ereignis, das Jung und Alt begeistert. Musikfestivals, Kunstausstellungen und kulturelle Veranstaltungen sind die Anl\u00e4sse, die die Stadt vibrieren lassen und sie mit interessanten Events bereichern.<\/p>\n\n\n\n<p>Man kann von Valence sagen, dass es ein Reiseziel ist, an dem Urlauber auf der Suche nach der noch urspr\u00fcnglichen Provence nicht vorbeigehen sollten. Warten Sie also nicht l\u00e4nger, sondern planen Sie von unserem <strong>Camping aus nahe bei Valence<\/strong> Ihren Aufenthalt in der <a href=\"https:\/\/www.campingdecruas.com\/de\/\">Ard\u00e8che<\/a> und lassen Sie sich von ihrem mitreissenden Charme bezaubern. Um die Dr\u00f4me noch weiter zu entdecken, besuchen Sie auch <a href=\"https:\/\/www.campingdecruas.com\/de\/campingplatz-montelimar\/\">Montelimar<\/a>, die symboltr\u00e4chtige Stadt der Region.<\/p>\n\n\n\n<div class=\"wp-block-media-text alignfull is-stacked-on-mobile is-image-fill H-30 has-bleu-fonce-background-color has-background\" style=\"grid-template-columns:36% auto\"><figure class=\"wp-block-media-text__media\" style=\"background-image:url(https:\/\/www.campingdecruas.com\/wp-content\/uploads\/2023\/11\/ardeche-499754_1280-682x1024.jpg);background-position:50% 50%\"><img width=\"682\" height=\"1024\" src=\"https:\/\/www.campingdecruas.com\/wp-content\/uploads\/2023\/11\/ardeche-499754_1280-682x1024.jpg\" alt=\"Vall\u00e9e de l'Ard\u00e8che\" class=\"wp-image-1698 size-full\" srcset=\"https:\/\/www.campingdecruas.com\/wp-content\/uploads\/2023\/11\/ardeche-499754_1280-682x1024.jpg 682w, https:\/\/www.campingdecruas.com\/wp-content\/uploads\/2023\/11\/ardeche-499754_1280-200x300.jpg 200w, https:\/\/www.campingdecruas.com\/wp-content\/uploads\/2023\/11\/ardeche-499754_1280-768x1152.jpg 768w, https:\/\/www.campingdecruas.com\/wp-content\/uploads\/2023\/11\/ardeche-499754_1280.jpg 853w\" sizes=\"(max-width: 682px) 100vw, 682px\" \/><\/figure><div class=\"wp-block-media-text__content\">\n<h2 id=\"was-kann-man-in-valence-und-umgebung-unternehmen\"><strong>Was kann man in Valence und Umgebung unternehmen?<\/strong><\/h2>\n\n\n\n<p>Rund um Valence finden Sie mannigfache Orte und touristischen Aktivit\u00e4ten, die w\u00e4hrend Ihrer Freizeit bei Ihrem <strong>Urlaub in der Ard\u00e8che <\/strong>eingeplant werden k\u00f6nnten. Hiernach nun Vorschl\u00e4ge der wichtigsten Sehensw\u00fcrdigkeiten und Aktivit\u00e4ten, die eventuell in Frage kommen k\u00f6nnten&nbsp;:<\/p>\n\n\n\n<p>&#8211; <strong>Die Gorges de l\u2019Ard\u00e8che<\/strong> : Sie geh\u00f6ren zu den Highlights der Gegend, die sich durch ihre spektakul\u00e4ren Schluchten mit ihren atemberaubende Landschaften einen Namen gemacht haben. Gehen Sie auf Entdeckung&nbsp;: Sei mit einer Kanu-Fahrt, einer <strong>Sightseeing-Autotour<\/strong> oder einfach zu Fu\u00df. Da k\u00f6nnen Sie dann auf den Pfaden entlang der Felsen wandern, um atemberaubende Panoramen zu bewundern.<\/p>\n\n\n\n<p>&#8211; Die <strong>Grotte Chauvet-Pont d\u2019Arc<\/strong> : Diese H\u00f6hle wurde 1994 entdeckt mit pr\u00e4historischen Felsmalereien, die zu den \u00e4ltesten der Welt geh\u00f6ren. In der originalgetreuen Nachbildung, die zum Erhalt der urspr\u00fcnglichen H\u00f6hle angelegt wurde, in der <strong>Caverne du Pont d&#8217;Arc<\/strong>, k\u00f6nnen Interessierte aus naechster Naehe diese Kunstsch\u00e4tze heute weiterhin bewundern.&nbsp;<\/p>\n<\/div><\/div>\n<\/div>\n<\/div>\n\n\n\n<p>&#8211;<strong> Malerische D\u00f6rfer<\/strong> : In der Ard\u00e8che kann man viele charmante Hochd\u00f6rfer, wie z.B. Balazuc, Labeaume und Vog\u00fc\u00e9 besstaunen. Diese D\u00f6rfer bringen die Reisenden bei ihrem Besuch Dank ihrer mittelalterlichen Gassen und aus Naturstein gebauten H\u00e4usern wieder ein gutes St\u00fcck zurueck in die Vergangenheit.<\/p>\n\n\n\n<p>&#8211; Weinanbaugebiete der Dr\u00f4me : Nehmen Sie die Gelegenheit wahr, um sich die bekannten Weinanbaugebiete der Dr\u00f4me naeher zu bringen, indem Sie den Weinstra\u00dfen folgen. Und verkosten Sie dann dabei in den Weinkellern der Gegend die dortigen Weine, insbesonders die <strong>Weine der C\u00f4tes du Rh\u00f4ne<\/strong>.<\/p>\n\n\n\n<p>&#8211; Der Regionale Vercors Naturpark: Sie k\u00f6nnen spektakul\u00e4re Berglandschaften, die sich hervorragend zum Wandern, <strong>Mountainbiken und Klettern<\/strong> eignen, in diesem aussergew\u00f6hnlichen Gebiet entdecken. Schauen Sie sich die <strong>Schluchten des Vercors<\/strong> n\u00e4her an, aber auch die faszinierenden H\u00f6hlen, die diese Gegend bietet.<\/p>\n\n\n\n<p>&#8211; Lokale M\u00e4rkte: Entdecken Sie die Urspruenglichkeit der Dr\u00f4me bei einem Besuch der Wochenm\u00e4rkte in den umliegenden D\u00f6rfern. Man kann hier lokale Produkte, K\u00e4se, Kunsthandwerk sowie gastronomische Spezialit\u00e4ten kaufen.<\/p>\n\n\n\n<p>&#8211; Das Dorf Crest : In etwa 30 Minuten von Valence befindet sich das Dorf Crest, wo man sich das h\u00f6chste Burgverlies Frankreichs ansehen kann. Steigen Sie die 52 Meter hoch und bewundern Sie einen Panoramablick auf das Tal der Dr\u00f4me.<\/p>\n\n\n\n<p>&#8211; <strong>Radfahren auf der ViaRh\u00f4na<\/strong> : Wenn Sie gerne Fahrradtouren machen, fahren Sie auf der ViaRh\u00f4na entlang, einem Radweg, der Ihnen l\u00e4ngs der Rh\u00f4ne wundersch\u00f6ne Landschaften offenbart.<\/p>\n\n\n\n<p>&#8211; <strong>Mont\u00e9limar<\/strong> : Entdecken Sie die Hauptstadt des Nougats und nutzen Sie Ihren Tag zwischen historischen Entdeckungen, Kulturerbe und provenzalischen K\u00f6stlichkeitern.<\/p>\n\n\n\n<div style=\"height:100px\" aria-hidden=\"true\" class=\"wp-block-spacer\"><\/div>\n\n\n\n<div class=\"wp-block-media-text alignfull is-stacked-on-mobile is-image-fill H-30 has-jaune-background-color has-background\"><figure class=\"wp-block-media-text__media\" style=\"background-image:url(https:\/\/www.campingdecruas.com\/wp-content\/uploads\/2023\/11\/ardeche-261761_1280-768x1024.jpg);background-position:50% 50%\"><img width=\"768\" height=\"1024\" src=\"https:\/\/www.campingdecruas.com\/wp-content\/uploads\/2023\/11\/ardeche-261761_1280-768x1024.jpg\" alt=\"Camping proche de la Vall\u00e9e de l'Ard\u00e8che\" class=\"wp-image-1701 size-full\" srcset=\"https:\/\/www.campingdecruas.com\/wp-content\/uploads\/2023\/11\/ardeche-261761_1280-768x1024.jpg 768w, https:\/\/www.campingdecruas.com\/wp-content\/uploads\/2023\/11\/ardeche-261761_1280-225x300.jpg 225w, https:\/\/www.campingdecruas.com\/wp-content\/uploads\/2023\/11\/ardeche-261761_1280.jpg 960w\" sizes=\"(max-width: 768px) 100vw, 768px\" \/><\/figure><div class=\"wp-block-media-text__content\">\n<h2 id=\"wo-kann-man-in-der-umgebung-von-valence-campen\"><strong>Wo kann man in der Umgebung von Valence campen?<\/strong><\/h2>\n\n\n\n<p>Wenn Sie auf unser Angebot, ein <a href=\"https:\/\/www.campingdecruas.com\/de\/vermietung-mobilheime-ardeche\/\">Mobilheim in der Ard\u00e8che<\/a> zu mieten eingehen oder sich f\u00fcr einen unserer komfortablen Camping -Stellpl\u00e4tze entscheiden, k\u00f6nnen Sie zweifellos Ihrem Campingurlaub ganz entspannt entgegensehen.<\/p>\n\n\n\n<p>Unsere vollst\u00e4ndig ausgestatteten Mobilheime sind gut durchdacht auf einem gro\u00dfen Gel\u00e4nde verteilt und garantieren somit ein optimales Komfortniveau, was sehr wichtig f\u00fcr einen gelungenen Urlaub ist, und dies noch zu einem \u00e4u\u00dferst g\u00fcnstigen Preis. Diese Option ist ideal, um jedem Famimilenmitgleid zu erlauben, sich auf einem extrem gut gelegenen <strong>Campingplatz rund um Valence<\/strong> in einer \u00e4u\u00dferst angenehmen Umgebung zu entspannen.<\/p>\n\n\n\n<p>Unsere klar definierten Stellpl\u00e4tze sind auf die Bed\u00fcrfnisse der Enthusiasten des noch authentischen Campings zugeschnitten. Ob Sie Ihr Zelt, Ihren Wohnwagen oder Ihr Wohnmobil inmitten der Natur aufstellen m\u00f6chten, diese <a href=\"https:\/\/www.campingdecruas.com\/de\/standorte-camping-cruas\/\">Stellpl\u00e4tze<\/a> bieten Ihnen einen friedlichen Rahmen im Schutze der Baumkronen und Sie haben auch einen &nbsp;direktem Zugang zum Fluss.<\/p>\n\n\n\n<p>Die Serviceleistungen unserer mit 3 Sternen ausgezeichneten Anlage werden noch verbessert durch die gegebene M\u00f6glichkeit, eine Mahlzeit im <a href=\"https:\/\/www.campingdecruas.com\/de\/dienste\/\" data-type=\"page\" data-id=\"1135\">L&#8217;Eden, unserem Gourmetrestaurant<\/a> in Cruas zu geniessen.&nbsp; Weiterhin ist man dann in der Lage, sich wohlverdiente und lang ersehnte Momente des Farniente am Pool zu <a href=\"https:\/\/www.campingdecruas.com\/de\/schwimmbad-camping-ardeche\/\">G\u00f6nnen Sie sich das Schwimmbad<\/a>.<\/p>\n\n\n\n<p>Schlussendlich sei noch gesagt, dass sich unser <a href=\"https:\/\/www.campingdecruas.com\/de\/campingplatz-in-der-ardeche-direkt-am-flussufer\/\">Campingplatz in der Ard\u00e8che direkt am flussufer<\/a> als idealer Zwischenstopp f\u00fcr Radfahrer erweist, &nbsp;die auf der <strong>Via Rh\u00f4na<\/strong> unterwegs sind und nach einem einladenden und komfortablen Ort Ausschau halten, an dem sie mit ihrem Gep\u00e4ck f\u00fcr die Nacht unterkommen k\u00f6nnen.<\/p>\n<\/div><\/div>\n","protected":false},"excerpt":{"rendered":"<p>Besuchen Sie Valence von unserem Campingplatz in der Ard\u00e8che aus! Valence, bei 40 km Entfernung von unserem Campingplatz, ist eine Stadt im Herzen des Departements Dr\u00f4me in der Region Auvergne-Rh\u00f4ne-Alpes, die Sie herzlich willkommen heisst. Bei Valence handelt es sich um ein Reiseziel, das den s\u00fcdlichen Charme Frankreichs sehr gut verk\u00f6rpert. Und dies Dank ihrer [&hellip;]<\/p>\n","protected":false},"author":1,"featured_media":0,"parent":0,"menu_order":0,"comment_status":"closed","ping_status":"closed","template":"","meta":[],"acf":[],"_links":{"self":[{"href":"https:\/\/www.campingdecruas.com\/de\/wp-json\/wp\/v2\/pages\/1683"}],"collection":[{"href":"https:\/\/www.campingdecruas.com\/de\/wp-json\/wp\/v2\/pages"}],"about":[{"href":"https:\/\/www.campingdecruas.com\/de\/wp-json\/wp\/v2\/types\/page"}],"author":[{"embeddable":true,"href":"https:\/\/www.campingdecruas.com\/de\/wp-json\/wp\/v2\/users\/1"}],"replies":[{"embeddable":true,"href":"https:\/\/www.campingdecruas.com\/de\/wp-json\/wp\/v2\/comments?post=1683"}],"version-history":[{"count":6,"href":"https:\/\/www.campingdecruas.com\/de\/wp-json\/wp\/v2\/pages\/1683\/revisions"}],"predecessor-version":[{"id":2169,"href":"https:\/\/www.campingdecruas.com\/de\/wp-json\/wp\/v2\/pages\/1683\/revisions\/2169"}],"wp:attachment":[{"href":"https:\/\/www.campingdecruas.com\/de\/wp-json\/wp\/v2\/media?parent=1683"}],"curies":[{"name":"wp","href":"https:\/\/api.w.org\/{rel}","templated":true}]}}