{"id":1470,"date":"2023-07-18T11:58:25","date_gmt":"2023-07-18T09:58:25","guid":{"rendered":"https:\/\/www.campingdecruas.com\/?page_id=1470"},"modified":"2024-03-18T16:43:45","modified_gmt":"2024-03-18T15:43:45","slug":"campingplatz-in-der-ardeche-direkt-am-flussufer","status":"publish","type":"page","link":"https:\/\/www.campingdecruas.com\/de\/campingplatz-in-der-ardeche-direkt-am-flussufer\/","title":{"rendered":"Campingplatz in der Ard\u00e8che, direkt am Flussufer"},"content":{"rendered":"\n<div class=\"wp-block-cover alignfull is-light\"><span aria-hidden=\"true\" class=\"has-background-dim-0 wp-block-cover__gradient-background has-background-dim\"><\/span><img width=\"2560\" height=\"1707\" class=\"wp-block-cover__image-background wp-image-583\" alt=\"Tal der Ard\u00e8che Campingplatz\" src=\"https:\/\/www.campingdecruas.com\/wp-content\/uploads\/2023\/03\/thomas-bormans-eu5X8Ge5aDs-unsplash-scaled.jpg\" style=\"object-position:53% 46%\" data-object-fit=\"cover\" data-object-position=\"53% 46%\" srcset=\"https:\/\/www.campingdecruas.com\/wp-content\/uploads\/2023\/03\/thomas-bormans-eu5X8Ge5aDs-unsplash-scaled.jpg 2560w, https:\/\/www.campingdecruas.com\/wp-content\/uploads\/2023\/03\/thomas-bormans-eu5X8Ge5aDs-unsplash-300x200.jpg 300w, https:\/\/www.campingdecruas.com\/wp-content\/uploads\/2023\/03\/thomas-bormans-eu5X8Ge5aDs-unsplash-1024x683.jpg 1024w, https:\/\/www.campingdecruas.com\/wp-content\/uploads\/2023\/03\/thomas-bormans-eu5X8Ge5aDs-unsplash-768x512.jpg 768w, https:\/\/www.campingdecruas.com\/wp-content\/uploads\/2023\/03\/thomas-bormans-eu5X8Ge5aDs-unsplash-1536x1024.jpg 1536w, https:\/\/www.campingdecruas.com\/wp-content\/uploads\/2023\/03\/thomas-bormans-eu5X8Ge5aDs-unsplash-2048x1365.jpg 2048w\" sizes=\"(max-width: 2560px) 100vw, 2560px\" \/><div class=\"wp-block-cover__inner-container\">\n<p class=\"has-text-align-center has-large-font-size\"><\/p>\n<\/div><\/div>\n\n\n\n<div class=\"wp-block-media-text alignfull has-media-on-the-right is-stacked-on-mobile is-image-fill H-05 has-blanc-color has-bleu-fonce-background-color has-text-color has-background\"><figure class=\"wp-block-media-text__media\" style=\"background-image:url(https:\/\/www.campingdecruas.com\/wp-content\/uploads\/2023\/03\/216-galerie-allee-lac-1024x683.jpg);background-position:51% 100%\"><img width=\"1024\" height=\"683\" src=\"https:\/\/www.campingdecruas.com\/wp-content\/uploads\/2023\/03\/216-galerie-allee-lac-1024x683.jpg\" alt=\"Campingplatz am Flussufer\" class=\"wp-image-637 size-full\" srcset=\"https:\/\/www.campingdecruas.com\/wp-content\/uploads\/2023\/03\/216-galerie-allee-lac-1024x683.jpg 1024w, https:\/\/www.campingdecruas.com\/wp-content\/uploads\/2023\/03\/216-galerie-allee-lac-300x200.jpg 300w, https:\/\/www.campingdecruas.com\/wp-content\/uploads\/2023\/03\/216-galerie-allee-lac-768x512.jpg 768w, https:\/\/www.campingdecruas.com\/wp-content\/uploads\/2023\/03\/216-galerie-allee-lac-1536x1025.jpg 1536w, https:\/\/www.campingdecruas.com\/wp-content\/uploads\/2023\/03\/216-galerie-allee-lac.jpg 1920w\" sizes=\"(max-width: 1024px) 100vw, 1024px\" \/><\/figure><div class=\"wp-block-media-text__content\">\n<h1 id=\"campingplatz-in-der-ardeche-direkt-am-flussufer\">Campingplatz in der Ard\u00e8che, direkt am Flussufer<\/h1>\n\n\n\n<p>Unser <a href=\"https:\/\/www.campingdecruas.com\/de\/\">Campingplatz Harmony in der Ard\u00e8che<\/a><strong> bietet direkten Zugang zum Flussufer<\/strong>. Lassen Sie sich von dieser au\u00dfergew\u00f6hnlich nat\u00fcrlichen Umgebung erfassen, wo Sie entspannende Momente am Wasser verbringen k\u00f6nnen. Ob Sie baden oder einfach nur mal ausruhen wollen, unser Campingplatz bietet Ihnen hier ein vorz\u00fcgliches Umfeld f\u00fcr einen harmonischen, naturnahen Urlaub.<\/p>\n\n\n\n<div style=\"height:30px\" aria-hidden=\"true\" class=\"wp-block-spacer\"><\/div>\n<\/div><\/div>\n\n\n\n<div class=\"wp-block-columns H-10\">\n<div class=\"wp-block-column is-vertically-aligned-center\">\n<h2 class=\"petale has-bleu-fonce-color has-text-color\" id=\"unsere-mobilheime-in-der-ardeche-am-flussufer\">Unsere Mobilheime in der Ard\u00e8che am Flussufer<\/h2>\n\n\n\n<p><strong>Unser Campingplatz Harmony in Cruas in der Ard\u00e8che befindet sich direkt am Flussufer<\/strong>, wo Ihnen unsere <a href=\"https:\/\/www.campingdecruas.com\/de\/vermietung-mobilheime-ardeche\/\">Mobilheime einen komfortablen<\/a> und idyllischen Aufenthalt garantieren. Unsere Unterk\u00fcnfte wurden mit der Absicht geplant, Ihnen w\u00e4hrend Ihres Urlaubs ein H\u00f6chstma\u00df an Komfort und Bequemlichkeit zu bieten.<\/p>\n\n\n\n<p>Unsere Mobilheime sind perfekt mit ger\u00e4umigen Wohnbereichen, komfortablen Schlafzimmern, einer komplett ausgestatteten K\u00fcche und einem eigenen Badezimmer ausgestattet. Hier fehlt es an nichts, was Sie f\u00fcr einen angenehmen Aufenthalt brauchen, entweder zu zweit, mit der Familie oder auch mit Freunden. Buchen Sie auch einen <a href=\"https:\/\/www.campingdecruas.com\/de\/standorte-camping-cruas\/\">Stellplatz<\/a> f\u00fcr Zelt, Wohnwagen und Wohnmobil und erleben Sie ein authentisches Camping-Erlebnis im Freien.<\/p>\n\n\n\n<p>Die Lage unserer <strong>Mobilheime<\/strong> direkt <strong>am Flussufer<\/strong> bietet einen herrlichen Blick auf das stetig schillernde Wasser. Sie k\u00f6nnen es sich auf Ihrer eigenen, privaten Terrasse bequem machen, sich entspannen und auch im Freien essen. Oder ganz einfach nur die friedliche Landschaft der <strong>Ard\u00e8che<\/strong> anschauen.<\/p>\n\n\n\n<p>Der <strong>Campingplatz Harmony<\/strong> schl\u00e4gt zudem auch diverse Einrichtungen und Aktivit\u00e4ten vor, die ein angenehmes Plus f\u00fcr Ihren Aufenthalt sind. Nutzen Sie unser <a href=\"https:\/\/www.campingdecruas.com\/de\/schwimmbad-camping-ardeche\/\">Schwimmbad<\/a> und unseren Entspannungsbereich. F\u00fcr die Kleinen auch unseren Kinderspielplatz und am\u00fcsieren Sie sich bei unseren Abendveranstaltungen. Aber nat\u00fcrlich sollten Sie auch die Gelegenheit wahrnehmen, in dem am Campingplatz angrenzenden Fluss zu baden, wo Sie sich erfrischen und mit der ganzen Familie Spa\u00df haben k\u00f6nnen.<\/p>\n\n\n\n<p>Buchen Sie also schnellstens Ihr Mobilheim auf dem <strong>Campingplatz Harmony in Cruas<\/strong> und genie\u00dfen Sie einen entspannenden und unvergesslichen Aufenthalt in der <strong>Ard\u00e8che am Flussufer,<\/strong> in einer nat\u00fcrlichen, noch wohl bewahrten und erholsamen Umgebung.<\/p>\n<\/div>\n<\/div>\n\n\n\n<div class=\"wp-block-columns H-10\">\n<div class=\"wp-block-column is-vertically-aligned-center\">\n<h2 class=\"petale has-bleu-fonce-color has-text-color\" id=\"unsere-mobilheime-in-der-ardeche-am-flussufer\">Die Umgebung unseres Campingplatzes in der Ard\u00e8che<\/h2>\n\n\n\n<p>Unsere Mobilheime sind perfekt mit Unser im <a href=\"https:\/\/www.campingdecruas.com\/de\/umgebung\/\">Herzen der Ard\u00e8che<\/a> gelegener <strong>Campingplatz mit direktem Zugang zum Fluss <\/strong>bietet au\u00dferdem ringsum zahlreiche hervorragende Anziehungs-punkte f\u00fcr Touristen. In unmittelbarer N\u00e4he des Campingplatzes k\u00f6nnen Sie die charmante <strong>Stadt Cruas <\/strong>entdecken, die f\u00fcr ihr wundersch\u00f6nes Schloss und ihr historisches Kulturerbe bekannt ist. Schlendern Sie durch die malerischen Stra\u00dfen dieser ehemaligen mittelalterlichen Stadt und lassen Sie sich von ihrer authentischen Atmosph\u00e4re verzaubern.<\/p>\n\n\n\n<p>Nur wenige Kilometer vom Campingplatz entfernt gelangen Sie nach <strong>Vallon-Pont-d&#8217;Arc<\/strong>, einen unbedingt zu entdeckenden Ort in der Ard\u00e8che. Dieses St\u00e4dtchen ist namhaft geworden wegen seiner prestigetr\u00e4chtigen Naturbr\u00fccke, genannt \u201cArche de Vallon-Pont-d&#8217;Arc\u201c, der \u00fcber das t\u00fcrkisfarbene Wasser der Ard\u00e8che f\u00fchrt. Machen Sie im Kanu oder Kajak eine Entdeckungsfahrt in den <strong>Schluchten der Ard\u00e8che<\/strong> oder nehmen Sie ein erfrischendes Bad im Fluss.<\/p>\n\n\n\n<p>Bei einem Aufenthalt auf einem <a href=\"https:\/\/www.campingdecruas.com\/de\/zwischenstopp-camping-viarhona\/\">Campingplatz an der ViaRhona<\/a> k\u00f6nnen Sie auch andere bemerkenswerte Sehensw\u00fcrdigkeiten der Region entdecken, wie die H\u00f6hlen von Aven d&#8217;Orgnac, die dem UNESCO-Weltkulturerbe angeh\u00f6ren, oder die malerischen D\u00f6rfer Balazuc und Labeaume. Wie dem auch sei: ob Sie geschichtsinteressiert sind, zu den Naturliebhabern geh\u00f6ren oder vielleicht auch den Nervenkitzel suchen, der <strong>Campingplatz in der Ard\u00e8che mit direktem Zugang zum Flussufer <\/strong>bietet alles, was Sie f\u00fcr Ihren Urlaub in der Rh\u00f4ne-Gegend brauchen.<\/p>\n\n\n\n<p><\/p>\n\n\n\n<div class=\"wp-container-69f4d89e4c18c wp-block-buttons\">\n<div class=\"wp-block-button\"><a class=\"wp-block-button__link\" href=\"https:\/\/www.campingdecruas.com\/de\/umgebung\/\"><i class=\"fas fa-globe-stand\"><\/i> Entdecken Sie die Ard\u00e8che und ihre Umgebung<\/a><\/div>\n<\/div>\n<\/div>\n<\/div>\n\n\n\n<div class=\"wp-block-media-text alignfull is-stacked-on-mobile is-image-fill H-30 has-bleu-fonce-background-color has-background\"><figure class=\"wp-block-media-text__media\" style=\"background-image:url(https:\/\/www.campingdecruas.com\/wp-content\/uploads\/2023\/04\/321-editeur_page_bloc_element-villecourt-ardeche-dolcevia-dr-10-1800x925-1-1024x526.jpg);background-position:50% 50%\"><img width=\"1024\" height=\"526\" src=\"https:\/\/www.campingdecruas.com\/wp-content\/uploads\/2023\/04\/321-editeur_page_bloc_element-villecourt-ardeche-dolcevia-dr-10-1800x925-1-1024x526.jpg\" alt=\"Br\u00fccke Ard\u00e8che Flussufer\" class=\"wp-image-1051 size-full\" srcset=\"https:\/\/www.campingdecruas.com\/wp-content\/uploads\/2023\/04\/321-editeur_page_bloc_element-villecourt-ardeche-dolcevia-dr-10-1800x925-1-1024x526.jpg 1024w, https:\/\/www.campingdecruas.com\/wp-content\/uploads\/2023\/04\/321-editeur_page_bloc_element-villecourt-ardeche-dolcevia-dr-10-1800x925-1-300x154.jpg 300w, https:\/\/www.campingdecruas.com\/wp-content\/uploads\/2023\/04\/321-editeur_page_bloc_element-villecourt-ardeche-dolcevia-dr-10-1800x925-1-768x395.jpg 768w, https:\/\/www.campingdecruas.com\/wp-content\/uploads\/2023\/04\/321-editeur_page_bloc_element-villecourt-ardeche-dolcevia-dr-10-1800x925-1-1536x789.jpg 1536w, https:\/\/www.campingdecruas.com\/wp-content\/uploads\/2023\/04\/321-editeur_page_bloc_element-villecourt-ardeche-dolcevia-dr-10-1800x925-1.jpg 1800w\" sizes=\"(max-width: 1024px) 100vw, 1024px\" \/><\/figure><div class=\"wp-block-media-text__content\">\n<h2 class=\"fleur\" id=\"une-situation-ideale-sur-la-viarhona\">Campingplatz in der Ard\u00e8che mit Zugang zum Fluss<\/h2>\n\n\n\n<p>Der Campingplatz Harmony in Cruas, in der Rh\u00f4ne-Gegend, ist ein idealer Urlaubsort inmitten der Natur. Dank seines <strong>direkten Zugangs zu einem Fluss in der Ard\u00e8che<\/strong> bietet er ein friedliches und erfrischendes Umfeld zur Entspannung und Freizeitgestaltung. Jene, die gern baden oder schwimmen und Wassersportler kommen hier am Fluss voll auf ihre Kosten.<\/p>\n\n\n\n<p>Auf dem <strong>Campingplatz werden vor Ort zahlreiche Aktivit\u00e4ten angeboten, um der ganzen Familie Abwechslung zu bieten<\/strong>. Nutzen Sie die M\u00f6glichkeiten der Multisportpl\u00e4tze. Die Kleinsten werden auf dem f\u00fcr Kinder vorgesehenen Spielplatz ihren Spa\u00df haben. Um Ihren Aufenthalt noch angenehmer zu machen, stehen Ihnen auch praktische <a href=\"https:\/\/www.campingdecruas.com\/de\/dienste\/\">Serviceleistungen<\/a> zur Verf\u00fcgung, wie ein Lebensmittelladen, eine Bar und ein Restaurant, \u201eLa Table d&#8217;Eden\u201c. Somit sind die notwendigen Eink\u00e4ufe leicht zu t\u00e4tigen und man kann k\u00f6stlichen Speisen genie\u00dfen.<\/p>\n\n\n\n<p>Au\u00dferdem werden regelm\u00e4\u00dfig diverse Unterhaltungsprogramme organisiert, um den <strong>Camping-G\u00e4sten Abwechslung zu bieten<\/strong>. Themenabende, Auff\u00fchrungen und Freizeitaktivit\u00e4ten wechseln sich ab und sorgen f\u00fcr gesellige Momente.<\/p>\n<\/div><\/div>\n\n\n\n<div style=\"height:100px\" aria-hidden=\"true\" class=\"wp-block-spacer\"><\/div>\n","protected":false},"excerpt":{"rendered":"<p>Unsere Mobilheime in der Ard\u00e8che am Flussufer Unser Campingplatz Harmony in Cruas in der Ard\u00e8che befindet sich direkt am Flussufer, wo Ihnen unsere Mobilheime einen komfortablen und idyllischen Aufenthalt garantieren. Unsere Unterk\u00fcnfte wurden mit der Absicht geplant, Ihnen w\u00e4hrend Ihres Urlaubs ein H\u00f6chstma\u00df an Komfort und Bequemlichkeit zu bieten. Unsere Mobilheime sind perfekt mit ger\u00e4umigen [&hellip;]<\/p>\n","protected":false},"author":1,"featured_media":0,"parent":0,"menu_order":0,"comment_status":"closed","ping_status":"closed","template":"","meta":[],"acf":[],"_links":{"self":[{"href":"https:\/\/www.campingdecruas.com\/de\/wp-json\/wp\/v2\/pages\/1470"}],"collection":[{"href":"https:\/\/www.campingdecruas.com\/de\/wp-json\/wp\/v2\/pages"}],"about":[{"href":"https:\/\/www.campingdecruas.com\/de\/wp-json\/wp\/v2\/types\/page"}],"author":[{"embeddable":true,"href":"https:\/\/www.campingdecruas.com\/de\/wp-json\/wp\/v2\/users\/1"}],"replies":[{"embeddable":true,"href":"https:\/\/www.campingdecruas.com\/de\/wp-json\/wp\/v2\/comments?post=1470"}],"version-history":[{"count":7,"href":"https:\/\/www.campingdecruas.com\/de\/wp-json\/wp\/v2\/pages\/1470\/revisions"}],"predecessor-version":[{"id":2836,"href":"https:\/\/www.campingdecruas.com\/de\/wp-json\/wp\/v2\/pages\/1470\/revisions\/2836"}],"wp:attachment":[{"href":"https:\/\/www.campingdecruas.com\/de\/wp-json\/wp\/v2\/media?parent=1470"}],"curies":[{"name":"wp","href":"https:\/\/api.w.org\/{rel}","templated":true}]}}