{"id":1236,"date":"2023-04-18T15:09:42","date_gmt":"2023-04-18T13:09:42","guid":{"rendered":"https:\/\/www.campingdecruas.com\/schwimmbad-camping-ardeche\/"},"modified":"2024-04-30T17:59:49","modified_gmt":"2024-04-30T15:59:49","slug":"schwimmbad-camping-ardeche","status":"publish","type":"page","link":"https:\/\/www.campingdecruas.com\/de\/schwimmbad-camping-ardeche\/","title":{"rendered":"Swimmingpool"},"content":{"rendered":"\n<div class=\"wp-block-cover alignfull is-light\"><span aria-hidden=\"true\" class=\"has-background-dim-0 wp-block-cover__gradient-background has-background-dim\"><\/span><img width=\"1800\" height=\"725\" class=\"wp-block-cover__image-background wp-image-731\" alt=\"Schwimmbad Liegest\u00fchle Campingplatz Harmony\" src=\"https:\/\/www.campingdecruas.com\/wp-content\/uploads\/2023\/03\/224-editeur_page_bloc_element-piscine-1800x725-1.jpg\" style=\"object-position:50% 100%\" data-object-fit=\"cover\" data-object-position=\"50% 100%\" srcset=\"https:\/\/www.campingdecruas.com\/wp-content\/uploads\/2023\/03\/224-editeur_page_bloc_element-piscine-1800x725-1.jpg 1800w, https:\/\/www.campingdecruas.com\/wp-content\/uploads\/2023\/03\/224-editeur_page_bloc_element-piscine-1800x725-1-300x121.jpg 300w, https:\/\/www.campingdecruas.com\/wp-content\/uploads\/2023\/03\/224-editeur_page_bloc_element-piscine-1800x725-1-1024x412.jpg 1024w, https:\/\/www.campingdecruas.com\/wp-content\/uploads\/2023\/03\/224-editeur_page_bloc_element-piscine-1800x725-1-768x309.jpg 768w, https:\/\/www.campingdecruas.com\/wp-content\/uploads\/2023\/03\/224-editeur_page_bloc_element-piscine-1800x725-1-1536x619.jpg 1536w\" sizes=\"(max-width: 1800px) 100vw, 1800px\" \/><div class=\"wp-block-cover__inner-container\">\n<p class=\"has-text-align-center has-large-font-size\"><\/p>\n<\/div><\/div>\n\n\n\n<h1 class=\"alignfull has-text-align-center has-blanc-color has-bleu-fonce-background-color has-text-color has-background\" id=\"un-camping-avec-piscine-pour-petits-et-grands\"><strong>Ein Campingplatz mit Schwimmbad<\/strong> <em>f\u00fcr Gro\u00df und Klein<\/em><\/h1>\n\n\n\n<div class=\"wp-block-media-text alignfull has-media-on-the-right is-stacked-on-mobile is-image-fill H-05 has-bleu-fonce-background-color has-background\"><figure class=\"wp-block-media-text__media\" style=\"background-image:url(https:\/\/www.campingdecruas.com\/wp-content\/uploads\/2023\/03\/383-galerie-harm10.jpg);background-position:50% 100%\"><img width=\"960\" height=\"720\" src=\"https:\/\/www.campingdecruas.com\/wp-content\/uploads\/2023\/03\/383-galerie-harm10.jpg\" alt=\"piscine camping Harmony Ard\u00e8che\" class=\"wp-image-719 size-full\" srcset=\"https:\/\/www.campingdecruas.com\/wp-content\/uploads\/2023\/03\/383-galerie-harm10.jpg 960w, https:\/\/www.campingdecruas.com\/wp-content\/uploads\/2023\/03\/383-galerie-harm10-300x225.jpg 300w, https:\/\/www.campingdecruas.com\/wp-content\/uploads\/2023\/03\/383-galerie-harm10-768x576.jpg 768w\" sizes=\"(max-width: 960px) 100vw, 960px\" \/><\/figure><div class=\"wp-block-media-text__content\">\n<h2 class=\"fleur\" id=\"une-piscine-pour-se-rafraichir-et-se-divertir\">Ein Pool f\u00fcr Erfrischung <em>und Spa\u00df<\/em>!<\/h2>\n\n\n\n<ul class=\"pictos\"><li><i class=\"fas fa-droplet\"><\/i> <strong>Planschbecken<\/strong> <em>f\u00fcr die Kleinsten<\/em><\/li><li><i class=\"fas fa-water-ladder\"><\/i> <strong>Progressives Schwimmbecken<\/strong> <em>zum Spielen oder Schwimmen<\/em><\/li><li>Ge\u00f6ffnet von Juni bis September<\/li><\/ul>\n\n\n\n<p>Die Sonne scheint und die Temperatur steigt? Schnell ein Sprung in den Pool, um sich abzuk\u00fchlen! Aaah, wir sind doch im Urlaub! Und wie sch\u00f6n ist es, mit den B\u00e4umen und H\u00fcgeln im Hintergrund ein paar Bahnen zu schwimmen!<\/p>\n\n\n\n<p>Der Pool ist f\u00fcr alle gedacht und hat eine progressive Tiefe: Jeder kann nach Lust und Laune planschen, schwimmen oder spielen.<\/p>\n\n\n\n<div class=\"wp-container-6a00b40854da3 wp-block-buttons\">\n<div class=\"wp-block-button\"><a class=\"wp-block-button__link\" href=\"https:\/\/www.campingdecruas.com\/de\/kontakt\/\"><i class=\"fas fa-mailbox\"><\/i>  Kontaktieren Sie uns<\/a><\/div>\n<\/div>\n<\/div><\/div>\n\n\n\n<div class=\"wp-block-media-text alignfull is-stacked-on-mobile is-image-fill H-20 has-jaune-background-color has-background\"><figure class=\"wp-block-media-text__media\" style=\"background-image:url(https:\/\/www.campingdecruas.com\/wp-content\/uploads\/2023\/03\/240-editeur_page_bloc_element-famille-piscine-1800x925-1-1024x526.jpg);background-position:50% 50%\"><img width=\"1024\" height=\"526\" src=\"https:\/\/www.campingdecruas.com\/wp-content\/uploads\/2023\/03\/240-editeur_page_bloc_element-famille-piscine-1800x925-1-1024x526.jpg\" alt=\"camping famille Ard\u00e8che\" class=\"wp-image-725 size-full\" srcset=\"https:\/\/www.campingdecruas.com\/wp-content\/uploads\/2023\/03\/240-editeur_page_bloc_element-famille-piscine-1800x925-1-1024x526.jpg 1024w, https:\/\/www.campingdecruas.com\/wp-content\/uploads\/2023\/03\/240-editeur_page_bloc_element-famille-piscine-1800x925-1-300x154.jpg 300w, https:\/\/www.campingdecruas.com\/wp-content\/uploads\/2023\/03\/240-editeur_page_bloc_element-famille-piscine-1800x925-1-768x395.jpg 768w, https:\/\/www.campingdecruas.com\/wp-content\/uploads\/2023\/03\/240-editeur_page_bloc_element-famille-piscine-1800x925-1-1536x789.jpg 1536w, https:\/\/www.campingdecruas.com\/wp-content\/uploads\/2023\/03\/240-editeur_page_bloc_element-famille-piscine-1800x925-1.jpg 1800w\" sizes=\"(max-width: 1024px) 100vw, 1024px\" \/><\/figure><div class=\"wp-block-media-text__content\">\n<h2 class=\"petale-vert has-bleu-fonce-color has-text-color\" id=\"une-situation-ideale-sur-la-viarhona\">Aufenthalt<\/h2>\n\n\n\n<ul class=\"pictos col-2\"><li><i class=\"fas fa-flower\"><\/i> <strong>Umgebung<\/strong> <em>baum- und blumenreich<\/em><\/li><li><i class=\"fas fa-umbrella-beach\"><\/i> <strong>Liegest\u00fchle<\/strong><\/li><\/ul>\n\n\n\n<p>Ein Planschbecken empf\u00e4ngt die Kleinsten: Spa\u00df und Entdeckungen in Aussicht!<\/p>\n\n\n\n<p>Wenn Sie aus dem Wasser kommen, nutzen Sie die Sonnenb\u00e4der, um sich zu trocknen und an der frischen Luft zu entspannen.<\/p>\n\n\n\n<div class=\"wp-container-6a00b40855194 wp-block-buttons\">\n<div class=\"wp-block-button\"><a class=\"wp-block-button__link\" href=\"tel:+33475001356\"><i class=\"fas fa-phone\"><\/i>  Telefonisch buchen<\/a><\/div>\n<\/div>\n<\/div><\/div>\n\n\n\n<div class=\"wp-block-media-text alignfull has-media-on-the-right is-stacked-on-mobile is-image-fill H-05 has-bleu-fonce-background-color has-background\"><figure class=\"wp-block-media-text__media\" style=\"background-image:url(https:\/\/www.campingdecruas.com\/wp-content\/uploads\/2023\/03\/199-galerie-transat-683x1024.jpg);background-position:50% 50%\"><img width=\"683\" height=\"1024\" src=\"https:\/\/www.campingdecruas.com\/wp-content\/uploads\/2023\/03\/199-galerie-transat-683x1024.jpg\" alt=\"camping Ard\u00e8che piscine paysage\" class=\"wp-image-724 size-full\" srcset=\"https:\/\/www.campingdecruas.com\/wp-content\/uploads\/2023\/03\/199-galerie-transat-683x1024.jpg 683w, https:\/\/www.campingdecruas.com\/wp-content\/uploads\/2023\/03\/199-galerie-transat-200x300.jpg 200w, https:\/\/www.campingdecruas.com\/wp-content\/uploads\/2023\/03\/199-galerie-transat-768x1151.jpg 768w, https:\/\/www.campingdecruas.com\/wp-content\/uploads\/2023\/03\/199-galerie-transat-1025x1536.jpg 1025w, https:\/\/www.campingdecruas.com\/wp-content\/uploads\/2023\/03\/199-galerie-transat-1367x2048.jpg 1367w, https:\/\/www.campingdecruas.com\/wp-content\/uploads\/2023\/03\/199-galerie-transat-scaled.jpg 1708w\" sizes=\"(max-width: 683px) 100vw, 683px\" \/><\/figure><div class=\"wp-block-media-text__content\">\n<h2 class=\"fleur\" id=\"entdecken-sie-die-ardeche-vom-pool-aus\">Entdecken Sie die Ard\u00e8che <em>vom Pool aus!<\/em><\/h2>\n\n\n\n<p>Nach einem sch\u00f6nen Bad im warmen Wasser unseres <a href=\"https:\/\/www.campingdecruas.com\/de\/\" data-type=\"URL\" data-id=\"https:\/\/www.campingdecruas.com\/de\/\">Campingplatzes in der Ard\u00e8che<\/a><strong> <\/strong>genie\u00dfen Sie die ideale Umgebung direkt vom <strong>Campingplatz aus mit direktem Zugang zum Angelsee und zur Rh\u00f4ne<\/strong>. Die Region und ihre Wunder erwarten Sie direkt vor den Toren des Campingplatzes. Entdecken Sie die sch\u00f6nsten Berge Frankreichs, die Stadt <a href=\"https:\/\/www.campingdecruas.com\/de\/alentours\/cruas\/\" data-type=\"URL\" data-id=\"https:\/\/www.campingdecruas.com\/de\/alentours\/cruas\/\">Cruas<\/a>, <a href=\"https:\/\/www.campingdecruas.com\/de\/alentours\/vallon-pont-darc\/\" data-type=\"URL\" data-id=\"https:\/\/www.campingdecruas.com\/de\/alentours\/vallon-pont-darc\/\">Vallon Pont d&#8217;Arc<\/a>, alles direkt von unserem <strong>Campingplatz in S\u00fcdfrankreich <\/strong>aus erreichbar.<br>Genie\u00dfen Sie mit Ihrer Familie eine Vielzahl von Aktivit\u00e4ten! Machen Sie auf dem Campingplatz einen Abstecher ins Restaurant L&#8217;Eden, das Ihnen atemberaubende lokale Spezialit\u00e4ten serviert. Entdecken Sie die Ard\u00e8che auch vom Kanu aus, mit dem Fahrrad oder bei einer Wanderung und genie\u00dfen Sie alle grandiosen Landschaften, die das Tal zu bieten hat: Abwechslung garantiert!<\/p>\n\n\n\n<p>F\u00fcr Angelfreunde m\u00fcssen Sie den Campingplatz nicht verlassen! Nachdem Sie im <strong>Schwimmbad des Campingplatzes<\/strong> geschwommen sind, holen Sie die Angelruten heraus und teilen Sie einen ruhigen Moment mit den anderen Campern, indem Sie direkt zum See gehen. Zahlreiche Arten warten nur darauf, von Ihnen geangelt zu werden!<\/p>\n\n\n\n<p>Der See ist direkt von der A7 aus erreichbar. Genie\u00dfen Sie einen <strong>komfortablen Aufenthalt<\/strong> von Ihrem <strong>Mobilheim oder Stellplatz in der Ard\u00e8che <\/strong>aus mit der ganzen Familie!<\/p>\n\n\n\n<div class=\"wp-container-6a00b40855575 wp-block-buttons\">\n<div class=\"wp-block-button\"><a class=\"wp-block-button__link\" href=\"https:\/\/www.campingdecruas.com\/de\/\"><i class=\"fas fa-leaf\"><\/i>  Ich entdecke den Campingplatz<\/a><\/div>\n<\/div>\n<\/div><\/div>\n","protected":false},"excerpt":{"rendered":"<p>Ein Campingplatz mit Schwimmbad f\u00fcr Gro\u00df und Klein<\/p>\n","protected":false},"author":1,"featured_media":0,"parent":0,"menu_order":0,"comment_status":"closed","ping_status":"closed","template":"","meta":[],"acf":[],"_links":{"self":[{"href":"https:\/\/www.campingdecruas.com\/de\/wp-json\/wp\/v2\/pages\/1236"}],"collection":[{"href":"https:\/\/www.campingdecruas.com\/de\/wp-json\/wp\/v2\/pages"}],"about":[{"href":"https:\/\/www.campingdecruas.com\/de\/wp-json\/wp\/v2\/types\/page"}],"author":[{"embeddable":true,"href":"https:\/\/www.campingdecruas.com\/de\/wp-json\/wp\/v2\/users\/1"}],"replies":[{"embeddable":true,"href":"https:\/\/www.campingdecruas.com\/de\/wp-json\/wp\/v2\/comments?post=1236"}],"version-history":[{"count":6,"href":"https:\/\/www.campingdecruas.com\/de\/wp-json\/wp\/v2\/pages\/1236\/revisions"}],"predecessor-version":[{"id":2160,"href":"https:\/\/www.campingdecruas.com\/de\/wp-json\/wp\/v2\/pages\/1236\/revisions\/2160"}],"wp:attachment":[{"href":"https:\/\/www.campingdecruas.com\/de\/wp-json\/wp\/v2\/media?parent=1236"}],"curies":[{"name":"wp","href":"https:\/\/api.w.org\/{rel}","templated":true}]}}