{"id":1194,"date":"2023-04-18T14:50:14","date_gmt":"2023-04-18T12:50:14","guid":{"rendered":"https:\/\/www.campingdecruas.com\/vermietung-mobilheime-ardeche\/vermietung-biwak-ardeche\/"},"modified":"2026-01-05T11:28:14","modified_gmt":"2026-01-05T10:28:14","slug":"vermietung-biwak-ardeche","status":"publish","type":"page","link":"https:\/\/www.campingdecruas.com\/de\/vermietung-mobilheime-ardeche\/vermietung-biwak-ardeche\/","title":{"rendered":"Biwak"},"content":{"rendered":"\n<div class=\"wp-block-cover alignfull\"><span aria-hidden=\"true\" class=\"has-background-dim-0 wp-block-cover__gradient-background has-background-dim\"><\/span><img width=\"1440\" height=\"1080\" class=\"wp-block-cover__image-background wp-image-674\" alt=\"Bivouac camping Ard\u00e8che\" src=\"https:\/\/www.campingdecruas.com\/wp-content\/uploads\/2023\/03\/216-galerie-allee-lac-1.jpg\" style=\"object-position:50% 50%\" data-object-fit=\"cover\" data-object-position=\"50% 50%\" srcset=\"https:\/\/www.campingdecruas.com\/wp-content\/uploads\/2023\/03\/216-galerie-allee-lac-1.jpg 1440w, https:\/\/www.campingdecruas.com\/wp-content\/uploads\/2023\/03\/216-galerie-allee-lac-1-300x225.jpg 300w, https:\/\/www.campingdecruas.com\/wp-content\/uploads\/2023\/03\/216-galerie-allee-lac-1-1024x768.jpg 1024w, https:\/\/www.campingdecruas.com\/wp-content\/uploads\/2023\/03\/216-galerie-allee-lac-1-768x576.jpg 768w\" sizes=\"(max-width: 1440px) 100vw, 1440px\" \/><div class=\"wp-block-cover__inner-container\">\n<p class=\"has-text-align-center has-large-font-size\"><\/p>\n<\/div><\/div>\n\n\n\n<h1 class=\"alignfull has-text-align-center has-blanc-color has-bleu-fonce-background-color has-text-color has-background\" id=\"mobil-home-2-chambres-1\"><strong>Biwak<\/strong><\/h1>\n\n\n\n<div class=\"wp-block-columns alignfull H-35\">\n<div class=\"wp-block-column\">\n<p class=\"retour\"><a href=\"https:\/\/www.campingdecruas.com\/de\/vermietung-mobilheime-ardeche\/\" data-type=\"page\"><i class=\"fas fa-arrow-left\"><\/i>  Zur\u00fcck zu den Vermietungen<\/a><\/p>\n\n\n\n<h2 class=\"has-bleu-fonce-color has-text-color\" id=\"descriptif-detaille\"><em>Ausf\u00fchrliche<\/em> Beschreibung<\/h2>\n\n\n\n<ul class=\"pictos\"><li><i class=\"fas fa-bed\"><\/i>  2 Matratzen 80cm<\/li><li><i class=\"fas fa-bolt\"><\/i>  Elektrizit\u00e4t<\/li><li><i class=\"fas fa-water\"><\/i>  Blick auf den See<\/li><\/ul>\n\n\n\n<div class=\"wp-container-69fde288d5e80 wp-block-buttons\">\n<div class=\"wp-block-button is-style-fill btn_galerie\"><a class=\"wp-block-button__link\" href=\"https:\/\/www.campingdecruas.com\/wp-content\/uploads\/2026\/01\/TARIFS-BIVOUAC-2026.pdf\"><i class=\"fas fa-tags\"><\/i> Preise entdecken<\/a><\/div>\n\n\n\n<div class=\"wp-block-button is-style-fill btn_galerie\"><a class=\"wp-block-button__link\" href=\"tel:+33475001356\"><i class=\"fas fa-phone\"><\/i>  Telefonisch buchen<\/a><\/div>\n<\/div>\n<\/div>\n\n\n\n<div class=\"wp-block-column\">\n<figure class=\"wp-block-gallery has-nested-images columns-default is-cropped diaporama--1\">\n<figure class=\"wp-block-image size-large\"><img width=\"1440\" height=\"1080\" src=\"https:\/\/www.campingdecruas.com\/wp-content\/uploads\/2023\/03\/216-galerie-allee-lac-1.jpg\" alt=\"Bivouac Camping Harmony\" class=\"wp-image-674\" srcset=\"https:\/\/www.campingdecruas.com\/wp-content\/uploads\/2023\/03\/216-galerie-allee-lac-1.jpg 1440w, https:\/\/www.campingdecruas.com\/wp-content\/uploads\/2023\/03\/216-galerie-allee-lac-1-300x225.jpg 300w, https:\/\/www.campingdecruas.com\/wp-content\/uploads\/2023\/03\/216-galerie-allee-lac-1-1024x768.jpg 1024w, https:\/\/www.campingdecruas.com\/wp-content\/uploads\/2023\/03\/216-galerie-allee-lac-1-768x576.jpg 768w\" sizes=\"(max-width: 1440px) 100vw, 1440px\" \/><\/figure>\n\n\n\n<figure class=\"wp-block-image size-large\"><img width=\"1050\" height=\"1080\" src=\"https:\/\/www.campingdecruas.com\/wp-content\/uploads\/2023\/03\/374-hebergement-int-bivouac-1920x1080-1.jpg\" alt=\"chambre bivouac Ard\u00e8che\" class=\"wp-image-986\" srcset=\"https:\/\/www.campingdecruas.com\/wp-content\/uploads\/2023\/03\/374-hebergement-int-bivouac-1920x1080-1.jpg 1050w, https:\/\/www.campingdecruas.com\/wp-content\/uploads\/2023\/03\/374-hebergement-int-bivouac-1920x1080-1-292x300.jpg 292w, https:\/\/www.campingdecruas.com\/wp-content\/uploads\/2023\/03\/374-hebergement-int-bivouac-1920x1080-1-996x1024.jpg 996w, https:\/\/www.campingdecruas.com\/wp-content\/uploads\/2023\/03\/374-hebergement-int-bivouac-1920x1080-1-768x790.jpg 768w\" sizes=\"(max-width: 1050px) 100vw, 1050px\" \/><\/figure>\n<\/figure>\n\n\n\n<p>*Fotos nicht vertraglich bindend<\/p>\n<\/div>\n<\/div>\n","protected":false},"excerpt":{"rendered":"<p>Biwak Zur\u00fcck zu den Vermietungen Ausf\u00fchrliche Beschreibung 2 Matratzen 80cm Elektrizit\u00e4t Blick auf den See *Fotos nicht vertraglich bindend<\/p>\n","protected":false},"author":1,"featured_media":0,"parent":1188,"menu_order":0,"comment_status":"closed","ping_status":"closed","template":"","meta":[],"acf":[],"_links":{"self":[{"href":"https:\/\/www.campingdecruas.com\/de\/wp-json\/wp\/v2\/pages\/1194"}],"collection":[{"href":"https:\/\/www.campingdecruas.com\/de\/wp-json\/wp\/v2\/pages"}],"about":[{"href":"https:\/\/www.campingdecruas.com\/de\/wp-json\/wp\/v2\/types\/page"}],"author":[{"embeddable":true,"href":"https:\/\/www.campingdecruas.com\/de\/wp-json\/wp\/v2\/users\/1"}],"replies":[{"embeddable":true,"href":"https:\/\/www.campingdecruas.com\/de\/wp-json\/wp\/v2\/comments?post=1194"}],"version-history":[{"count":3,"href":"https:\/\/www.campingdecruas.com\/de\/wp-json\/wp\/v2\/pages\/1194\/revisions"}],"predecessor-version":[{"id":2804,"href":"https:\/\/www.campingdecruas.com\/de\/wp-json\/wp\/v2\/pages\/1194\/revisions\/2804"}],"up":[{"embeddable":true,"href":"https:\/\/www.campingdecruas.com\/de\/wp-json\/wp\/v2\/pages\/1188"}],"wp:attachment":[{"href":"https:\/\/www.campingdecruas.com\/de\/wp-json\/wp\/v2\/media?parent=1194"}],"curies":[{"name":"wp","href":"https:\/\/api.w.org\/{rel}","templated":true}]}}