{"id":1174,"date":"2023-04-18T14:42:31","date_gmt":"2023-04-18T12:42:31","guid":{"rendered":"https:\/\/www.campingdecruas.com\/zwischenstopp-camping-viarhona\/"},"modified":"2024-03-15T16:00:02","modified_gmt":"2024-03-15T15:00:02","slug":"zwischenstopp-camping-viarhona","status":"publish","type":"page","link":"https:\/\/www.campingdecruas.com\/de\/zwischenstopp-camping-viarhona\/","title":{"rendered":"Schritt"},"content":{"rendered":"\n<div class=\"wp-block-cover alignfull\"><span aria-hidden=\"true\" class=\"has-background-dim-0 wp-block-cover__gradient-background has-background-dim\"><\/span><img width=\"1800\" height=\"925\" class=\"wp-block-cover__image-background wp-image-569\" alt=\"cycliste camping ard\u00e8che france\" src=\"https:\/\/www.campingdecruas.com\/wp-content\/uploads\/2023\/03\/239-editeur_page_bloc_element-allee-velo-1800x925-1.jpg\" style=\"object-position:51% 100%\" data-object-fit=\"cover\" data-object-position=\"51% 100%\" srcset=\"https:\/\/www.campingdecruas.com\/wp-content\/uploads\/2023\/03\/239-editeur_page_bloc_element-allee-velo-1800x925-1.jpg 1800w, https:\/\/www.campingdecruas.com\/wp-content\/uploads\/2023\/03\/239-editeur_page_bloc_element-allee-velo-1800x925-1-300x154.jpg 300w, https:\/\/www.campingdecruas.com\/wp-content\/uploads\/2023\/03\/239-editeur_page_bloc_element-allee-velo-1800x925-1-1024x526.jpg 1024w, https:\/\/www.campingdecruas.com\/wp-content\/uploads\/2023\/03\/239-editeur_page_bloc_element-allee-velo-1800x925-1-768x395.jpg 768w, https:\/\/www.campingdecruas.com\/wp-content\/uploads\/2023\/03\/239-editeur_page_bloc_element-allee-velo-1800x925-1-1536x789.jpg 1536w\" sizes=\"(max-width: 1800px) 100vw, 1800px\" \/><div class=\"wp-block-cover__inner-container\">\n<p class=\"has-text-align-center has-large-font-size\"><\/p>\n<\/div><\/div>\n\n\n\n<h1 class=\"alignfull has-text-align-center has-blanc-color has-bleu-fonce-background-color has-text-color has-background\" id=\"l-endroit-parfait-pour-une-etape\"><strong>Der perfekte Ort<\/strong> <em>f\u00fcr einen Zwischenstopp!<\/em><\/h1>\n\n\n\n<div class=\"wp-block-media-text alignfull has-media-on-the-right is-stacked-on-mobile is-image-fill H-05 has-bleu-fonce-background-color has-background\" style=\"grid-template-columns:auto 54%\"><figure class=\"wp-block-media-text__media\" style=\"background-image:url(https:\/\/www.campingdecruas.com\/wp-content\/uploads\/2023\/03\/202-galerie-allee-683x1024.jpg);background-position:46% 44%\"><img width=\"683\" height=\"1024\" src=\"https:\/\/www.campingdecruas.com\/wp-content\/uploads\/2023\/03\/202-galerie-allee-683x1024.jpg\" alt=\"camping Ard\u00e8che lavande\" class=\"wp-image-861 size-full\" srcset=\"https:\/\/www.campingdecruas.com\/wp-content\/uploads\/2023\/03\/202-galerie-allee-683x1024.jpg 683w, https:\/\/www.campingdecruas.com\/wp-content\/uploads\/2023\/03\/202-galerie-allee-200x300.jpg 200w, https:\/\/www.campingdecruas.com\/wp-content\/uploads\/2023\/03\/202-galerie-allee-768x1151.jpg 768w, https:\/\/www.campingdecruas.com\/wp-content\/uploads\/2023\/03\/202-galerie-allee-1025x1536.jpg 1025w, https:\/\/www.campingdecruas.com\/wp-content\/uploads\/2023\/03\/202-galerie-allee-1367x2048.jpg 1367w, https:\/\/www.campingdecruas.com\/wp-content\/uploads\/2023\/03\/202-galerie-allee-scaled.jpg 1708w\" sizes=\"(max-width: 683px) 100vw, 683px\" \/><\/figure><div class=\"wp-block-media-text__content\">\n<h2 class=\"fleur\" id=\"faites-une-pause-au-calme-pendant-vos-vacances\">G\u00f6nnen Sie sich in Ihrem Urlaub eine ruhige Pause!<\/h2>\n\n\n\n<ul class=\"pictos has-blanc-color has-text-color\"><li><i class=\"fas fa-bicycle\"><\/i> <strong>Fahrr\u00e4der<\/strong><\/li><li><i class=\"fas fa-rv\"><\/i> <strong>Wohnmobil<\/strong><\/li><li><i class=\"fas fa-caravan-simple\"><\/i> <strong>Wohnwagen<\/strong><\/li><\/ul>\n\n\n\n<p>Ob Sie auf dem Weg in den Urlaub sind oder einen Fahrradurlaub in der Region machen, der Campingplatz Harmony hei\u00dft Sie willkommen und bietet Ihnen allen Komfort.<\/p>\n\n\n\n<p>Auf der Durchreise f\u00fcr ein paar Tage? Buchen Sie jetzt Ihren Stellplatz oder Ihre Mietwohnung!<\/p>\n\n\n\n<div class=\"wp-container-69e6655525547 wp-block-buttons\">\n<div class=\"wp-block-button\"><a class=\"wp-block-button__link\" href=\"https:\/\/www.campingdecruas.com\/de\/kontakt\/\"><i class=\"fas fa-mailbox\"><\/i>  Kontaktieren Sie uns<\/a><\/div>\n<\/div>\n<\/div><\/div>\n\n\n\n<div class=\"wp-block-media-text alignfull is-stacked-on-mobile is-image-fill H-25 H-25-b\"><figure class=\"wp-block-media-text__media\" style=\"background-image:url(https:\/\/www.campingdecruas.com\/wp-content\/uploads\/2023\/03\/203-editeur_page_bloc_element-via-rhona-1800x925-1-1024x526.jpg);background-position:50% 50%\"><img width=\"1024\" height=\"526\" src=\"https:\/\/www.campingdecruas.com\/wp-content\/uploads\/2023\/03\/203-editeur_page_bloc_element-via-rhona-1800x925-1-1024x526.jpg\" alt=\"cycliste via rhona ard\u00e8che\" class=\"wp-image-760 size-full\" srcset=\"https:\/\/www.campingdecruas.com\/wp-content\/uploads\/2023\/03\/203-editeur_page_bloc_element-via-rhona-1800x925-1-1024x526.jpg 1024w, https:\/\/www.campingdecruas.com\/wp-content\/uploads\/2023\/03\/203-editeur_page_bloc_element-via-rhona-1800x925-1-300x154.jpg 300w, https:\/\/www.campingdecruas.com\/wp-content\/uploads\/2023\/03\/203-editeur_page_bloc_element-via-rhona-1800x925-1-768x395.jpg 768w, https:\/\/www.campingdecruas.com\/wp-content\/uploads\/2023\/03\/203-editeur_page_bloc_element-via-rhona-1800x925-1-1536x789.jpg 1536w, https:\/\/www.campingdecruas.com\/wp-content\/uploads\/2023\/03\/203-editeur_page_bloc_element-via-rhona-1800x925-1.jpg 1800w\" sizes=\"(max-width: 1024px) 100vw, 1024px\" \/><\/figure><div class=\"wp-block-media-text__content\">\n<h2 class=\"petale has-bleu-fonce-color has-text-color\" id=\"une-situation-ideale-sur-la-viarhona\">Unsere Einrichtungen <em>f\u00fcr Fahrradtouristen<\/em><\/h2>\n\n\n\n<ul><li>Ein sicherer Raum, schlafen Sie ruhig.<\/li><li>Eine kleine Reifenpanne? Ein Problem mit dem Sattel? Unser Partneranbieter nimmt Ihr Fahrrad in Cruas in Empfang.<\/li><li>Angepasste und atypische Unterk\u00fcnfte<\/li><\/ul>\n\n\n\n<div class=\"wp-block-image\"><figure class=\"aligncenter size-full is-resized\"><img src=\"https:\/\/www.campingdecruas.com\/wp-content\/uploads\/2023\/04\/ACCUEILVELO-CMJN-removebg-preview-1.png\" alt=\"logo accueil v\u00e9lo\" class=\"wp-image-1046\" width=\"97\" height=\"129\" srcset=\"https:\/\/www.campingdecruas.com\/wp-content\/uploads\/2023\/04\/ACCUEILVELO-CMJN-removebg-preview-1.png 433w, https:\/\/www.campingdecruas.com\/wp-content\/uploads\/2023\/04\/ACCUEILVELO-CMJN-removebg-preview-1-225x300.png 225w\" sizes=\"(max-width: 97px) 100vw, 97px\" \/><\/figure><\/div>\n<\/div><\/div>\n\n\n\n<div class=\"wp-block-media-text alignfull has-media-on-the-right is-stacked-on-mobile is-image-fill H-15 H-15-b has-bleu-fonce-background-color has-background\"><figure class=\"wp-block-media-text__media\" style=\"background-image:url(https:\/\/www.campingdecruas.com\/wp-content\/uploads\/2023\/03\/224-editeur_page_bloc_element-piscine-1800x725-1-1024x412.jpg);background-position:50% 50%\"><img width=\"1024\" height=\"412\" src=\"https:\/\/www.campingdecruas.com\/wp-content\/uploads\/2023\/03\/224-editeur_page_bloc_element-piscine-1800x725-1-1024x412.jpg\" alt=\"piscine transat ard\u00e8che\" class=\"wp-image-731 size-full\" srcset=\"https:\/\/www.campingdecruas.com\/wp-content\/uploads\/2023\/03\/224-editeur_page_bloc_element-piscine-1800x725-1-1024x412.jpg 1024w, https:\/\/www.campingdecruas.com\/wp-content\/uploads\/2023\/03\/224-editeur_page_bloc_element-piscine-1800x725-1-300x121.jpg 300w, https:\/\/www.campingdecruas.com\/wp-content\/uploads\/2023\/03\/224-editeur_page_bloc_element-piscine-1800x725-1-768x309.jpg 768w, https:\/\/www.campingdecruas.com\/wp-content\/uploads\/2023\/03\/224-editeur_page_bloc_element-piscine-1800x725-1-1536x619.jpg 1536w, https:\/\/www.campingdecruas.com\/wp-content\/uploads\/2023\/03\/224-editeur_page_bloc_element-piscine-1800x725-1.jpg 1800w\" sizes=\"(max-width: 1024px) 100vw, 1024px\" \/><\/figure><div class=\"wp-block-media-text__content\">\n<h2 class=\"fleur\" id=\"beneficiez-de-notre-flexibilite-de-reservation\">Um sich zu entspannen<\/h2>\n\n\n\n<ul class=\"pictos has-blanc-color has-text-color\"><li><i class=\"fas fa-water-ladder\"><\/i> <strong>Swimmingpool<\/strong><\/li><li><i class=\"fas fa-utensils\"><\/i> <strong>Restaurant<\/strong><\/li><li><i class=\"fas fa-fishing-rod\"><\/i> <strong>Angeln<\/strong><\/li><\/ul>\n\n\n\n<p>Um sich zu entspannen, stellen wir Ihnen alles zur Verf\u00fcgung, was Sie brauchen. Ein Swimmingpool mit Sonnenterrasse l\u00e4dt am Nachmittag zum Entspannen ein. Ein Restaurant mit hausgemachter K\u00fcche f\u00fcr den Abend. Auch Angelfreunde kommen in den fischreichen Gew\u00e4ssern des Sees auf ihre Kosten! So k\u00f6nnen Sie sich vor der Weiterreise erholen.<\/p>\n<\/div><\/div>\n\n\n\n<div class=\"wp-block-media-text alignfull is-stacked-on-mobile is-image-fill H-20 H-20-b has-jaune-background-color has-background\"><figure class=\"wp-block-media-text__media\" style=\"background-image:url(https:\/\/www.campingdecruas.com\/wp-content\/uploads\/2023\/04\/321-editeur_page_bloc_element-villecourt-ardeche-dolcevia-dr-10-1800x925-1-1024x526.jpg);background-position:50% 50%\"><img width=\"1024\" height=\"526\" src=\"https:\/\/www.campingdecruas.com\/wp-content\/uploads\/2023\/04\/321-editeur_page_bloc_element-villecourt-ardeche-dolcevia-dr-10-1800x925-1-1024x526.jpg\" alt=\"Br\u00fccke \u00fcber die Ard\u00e8che frankreich\" class=\"wp-image-1049 size-full\" srcset=\"https:\/\/www.campingdecruas.com\/wp-content\/uploads\/2023\/04\/321-editeur_page_bloc_element-villecourt-ardeche-dolcevia-dr-10-1800x925-1-1024x526.jpg 1024w, https:\/\/www.campingdecruas.com\/wp-content\/uploads\/2023\/04\/321-editeur_page_bloc_element-villecourt-ardeche-dolcevia-dr-10-1800x925-1-300x154.jpg 300w, https:\/\/www.campingdecruas.com\/wp-content\/uploads\/2023\/04\/321-editeur_page_bloc_element-villecourt-ardeche-dolcevia-dr-10-1800x925-1-768x395.jpg 768w, https:\/\/www.campingdecruas.com\/wp-content\/uploads\/2023\/04\/321-editeur_page_bloc_element-villecourt-ardeche-dolcevia-dr-10-1800x925-1-1536x789.jpg 1536w, https:\/\/www.campingdecruas.com\/wp-content\/uploads\/2023\/04\/321-editeur_page_bloc_element-villecourt-ardeche-dolcevia-dr-10-1800x925-1.jpg 1800w\" sizes=\"(max-width: 1024px) 100vw, 1024px\" \/><\/figure><div class=\"wp-block-media-text__content\">\n<h2 class=\"block has-bleu-fonce-color has-text-color\" id=\"une-situation-ideale-sur-la-viarhona\">Fahrradtouren und <em>Entdeckung der Sch\u00e4tze der Ard\u00e8che<\/em><\/h2>\n\n\n\n<p><strong>Finden Sie Ihre Route :  <\/strong><\/p>\n\n\n\n<ul><li><a href=\"https:\/\/www.ardeche-guide.com\/experiences-emerveillantes\/l-ardeche-velo\" target=\"_blank\" rel=\"noreferrer noopener\">Staunende Erlebnisse in der Ard\u00e8che<\/a><\/li><li><a href=\"https:\/\/www.viarhona.com\/itineraire\/15-viarhona-de-le-pouzin-cruas-a-chateauneuf-du-rhone-viviers\" target=\"_blank\" rel=\"noreferrer noopener\">Die ber\u00fchmte Via Rh\u00f4na<\/a>, 200 m vom Campingplatz entfernt<\/li><li><a href=\"https:\/\/www.dolce-via.com\/fr\/\" target=\"_blank\" rel=\"noreferrer noopener\">Unser sehr sch\u00f6nes Eyrieux-Tal \u00fcber die Dolce Via<\/a>, 15mn vom Campingplatz entfernt<\/li><\/ul>\n<\/div><\/div>\n\n\n\n<div class=\"wp-block-media-text alignfull has-media-on-the-right is-stacked-on-mobile is-image-fill H-15 H-15-b has-bleu-fonce-background-color has-background\"><figure class=\"wp-block-media-text__media\" style=\"background-image:url(https:\/\/www.campingdecruas.com\/wp-content\/uploads\/2023\/03\/222-editeur_page_bloc_element-reception-1800x925-1-1024x526.jpg);background-position:50% 50%\"><img width=\"1024\" height=\"526\" src=\"https:\/\/www.campingdecruas.com\/wp-content\/uploads\/2023\/03\/222-editeur_page_bloc_element-reception-1800x925-1-1024x526.jpg\" alt=\"Accueil camping Harmony Ard\u00e8che\" class=\"wp-image-572 size-full\" srcset=\"https:\/\/www.campingdecruas.com\/wp-content\/uploads\/2023\/03\/222-editeur_page_bloc_element-reception-1800x925-1-1024x526.jpg 1024w, https:\/\/www.campingdecruas.com\/wp-content\/uploads\/2023\/03\/222-editeur_page_bloc_element-reception-1800x925-1-300x154.jpg 300w, https:\/\/www.campingdecruas.com\/wp-content\/uploads\/2023\/03\/222-editeur_page_bloc_element-reception-1800x925-1-768x395.jpg 768w, https:\/\/www.campingdecruas.com\/wp-content\/uploads\/2023\/03\/222-editeur_page_bloc_element-reception-1800x925-1-1536x789.jpg 1536w, https:\/\/www.campingdecruas.com\/wp-content\/uploads\/2023\/03\/222-editeur_page_bloc_element-reception-1800x925-1.jpg 1800w\" sizes=\"(max-width: 1024px) 100vw, 1024px\" \/><\/figure><div class=\"wp-block-media-text__content\">\n<h2 class=\"fleur block\" id=\"beneficiez-de-notre-flexibilite-de-reservation\">Profitieren Sie von unserer <em>flexiblen Buchung<\/em><\/h2>\n\n\n\n<p>Unsere Mietobjekte und Stellpl\u00e4tze k\u00f6nnen ganz einfach gebucht werden!<\/p>\n\n\n\n<div class=\"wp-container-69e6655525abb wp-block-buttons\">\n<div class=\"wp-block-button\"><a class=\"wp-block-button__link\" href=\"https:\/\/www.campingdecruas.com\/de\/kontakt\/\"><i class=\"fas fa-mailbox\"><\/i>  Kontaktieren Sie uns<\/a><\/div>\n<\/div>\n<\/div><\/div>\n","protected":false},"excerpt":{"rendered":"<p>Der perfekte Ort f\u00fcr einen Zwischenstopp! Um sich zu entspannen Swimmingpool Restaurant Angeln Um sich zu entspannen, stellen wir Ihnen alles zur Verf\u00fcgung, was Sie brauchen. Ein Swimmingpool mit Sonnenterrasse l\u00e4dt am Nachmittag zum Entspannen ein. Ein Restaurant mit hausgemachter K\u00fcche f\u00fcr den Abend. Auch Angelfreunde kommen in den fischreichen Gew\u00e4ssern des Sees auf ihre [&hellip;]<\/p>\n","protected":false},"author":1,"featured_media":0,"parent":0,"menu_order":0,"comment_status":"closed","ping_status":"closed","template":"","meta":[],"acf":[],"_links":{"self":[{"href":"https:\/\/www.campingdecruas.com\/de\/wp-json\/wp\/v2\/pages\/1174"}],"collection":[{"href":"https:\/\/www.campingdecruas.com\/de\/wp-json\/wp\/v2\/pages"}],"about":[{"href":"https:\/\/www.campingdecruas.com\/de\/wp-json\/wp\/v2\/types\/page"}],"author":[{"embeddable":true,"href":"https:\/\/www.campingdecruas.com\/de\/wp-json\/wp\/v2\/users\/1"}],"replies":[{"embeddable":true,"href":"https:\/\/www.campingdecruas.com\/de\/wp-json\/wp\/v2\/comments?post=1174"}],"version-history":[{"count":6,"href":"https:\/\/www.campingdecruas.com\/de\/wp-json\/wp\/v2\/pages\/1174\/revisions"}],"predecessor-version":[{"id":1919,"href":"https:\/\/www.campingdecruas.com\/de\/wp-json\/wp\/v2\/pages\/1174\/revisions\/1919"}],"wp:attachment":[{"href":"https:\/\/www.campingdecruas.com\/de\/wp-json\/wp\/v2\/media?parent=1174"}],"curies":[{"name":"wp","href":"https:\/\/api.w.org\/{rel}","templated":true}]}}