{"id":1166,"date":"2023-04-18T14:39:02","date_gmt":"2023-04-18T12:39:02","guid":{"rendered":"https:\/\/www.campingdecruas.com\/standorte-camping-cruas\/"},"modified":"2026-01-19T15:33:33","modified_gmt":"2026-01-19T14:33:33","slug":"standorte-camping-cruas","status":"publish","type":"page","link":"https:\/\/www.campingdecruas.com\/de\/standorte-camping-cruas\/","title":{"rendered":"Standorte"},"content":{"rendered":"\n<div class=\"wp-block-cover alignfull\"><span aria-hidden=\"true\" class=\"has-background-dim-0 wp-block-cover__gradient-background has-background-dim\"><\/span><img width=\"1800\" height=\"725\" class=\"wp-block-cover__image-background wp-image-575\" alt=\"Camping car emplacement Ard\u00e8che\" src=\"https:\/\/www.campingdecruas.com\/wp-content\/uploads\/2023\/03\/248-editeur_page_bloc_element-emplacement-camping-1800x725-1.jpg\" style=\"object-position:50% 25%\" data-object-fit=\"cover\" data-object-position=\"50% 25%\" srcset=\"https:\/\/www.campingdecruas.com\/wp-content\/uploads\/2023\/03\/248-editeur_page_bloc_element-emplacement-camping-1800x725-1.jpg 1800w, https:\/\/www.campingdecruas.com\/wp-content\/uploads\/2023\/03\/248-editeur_page_bloc_element-emplacement-camping-1800x725-1-300x121.jpg 300w, https:\/\/www.campingdecruas.com\/wp-content\/uploads\/2023\/03\/248-editeur_page_bloc_element-emplacement-camping-1800x725-1-1024x412.jpg 1024w, https:\/\/www.campingdecruas.com\/wp-content\/uploads\/2023\/03\/248-editeur_page_bloc_element-emplacement-camping-1800x725-1-768x309.jpg 768w, https:\/\/www.campingdecruas.com\/wp-content\/uploads\/2023\/03\/248-editeur_page_bloc_element-emplacement-camping-1800x725-1-1536x619.jpg 1536w\" sizes=\"(max-width: 1800px) 100vw, 1800px\" \/><div class=\"wp-block-cover__inner-container\">\n<p class=\"has-text-align-center has-large-font-size\"><\/p>\n<\/div><\/div>\n\n\n\n<h1 class=\"alignfull has-text-align-center has-blanc-color has-bleu-fonce-background-color has-text-color has-background\" id=\"des-emplacements-spacieux-pour-tentes-caravanes-et-camping-car\"><strong>Ger\u00e4umige Stellpl\u00e4tze<\/strong> <em>F\u00fcr Zelte, Wohnwagen und Wohnmobile in der Ard\u00e8che<\/em><\/h1>\n\n\n\n<blockquote class=\"wp-block-quote\"><p>Ein <strong>Zeltplatz in der Ard\u00e8che<\/strong> bietet die perfekte Kombination aus Natur, Ruhe und authentischem Campinggef\u00fchl. Im <strong>Camping de Cruas<\/strong> erwarten Sie ger\u00e4umige und angenehm schattige Stellpl\u00e4tze, ideal f\u00fcr Zelte, Wohnmobile oder <strong><a href=\"https:\/\/www.campingdecruas.com\/de\/wohnwagenplatz-im-camping-harmony\/\" data-type=\"URL\" data-id=\"https:\/\/www.campingdecruas.com\/de\/wohnwagenplatz-im-camping-harmony\/\" target=\"_blank\" rel=\"noreferrer noopener\">Wohnwagen<\/a><\/strong>. Die Ard\u00e8che ist eine Region voller Naturvielfalt \u2013 von gr\u00fcnen T\u00e4lern bis hin zu beeindruckenden Felslandschaften \u2013 und unser Campingplatz ist der ideale Ausgangspunkt, um all diese Natursch\u00e4tze zu entdecken.<\/p><\/blockquote>\n\n\n\n<div class=\"wp-block-media-text alignfull has-media-on-the-right is-stacked-on-mobile is-image-fill H-05 has-bleu-fonce-background-color has-background\"><figure class=\"wp-block-media-text__media\" style=\"background-image:url(https:\/\/www.campingdecruas.com\/wp-content\/uploads\/2023\/03\/319-editeur_page_bloc_element-coco-exterieur-1800x925-1-1024x526.jpg);background-position:50% 50%\"><img width=\"1024\" height=\"526\" src=\"https:\/\/www.campingdecruas.com\/wp-content\/uploads\/2023\/03\/319-editeur_page_bloc_element-coco-exterieur-1800x925-1-1024x526.jpg\" alt=\"biwac ard\u00e8che frankreich\" class=\"wp-image-890 size-full\" srcset=\"https:\/\/www.campingdecruas.com\/wp-content\/uploads\/2023\/03\/319-editeur_page_bloc_element-coco-exterieur-1800x925-1-1024x526.jpg 1024w, https:\/\/www.campingdecruas.com\/wp-content\/uploads\/2023\/03\/319-editeur_page_bloc_element-coco-exterieur-1800x925-1-300x154.jpg 300w, https:\/\/www.campingdecruas.com\/wp-content\/uploads\/2023\/03\/319-editeur_page_bloc_element-coco-exterieur-1800x925-1-768x395.jpg 768w, https:\/\/www.campingdecruas.com\/wp-content\/uploads\/2023\/03\/319-editeur_page_bloc_element-coco-exterieur-1800x925-1-1536x789.jpg 1536w, https:\/\/www.campingdecruas.com\/wp-content\/uploads\/2023\/03\/319-editeur_page_bloc_element-coco-exterieur-1800x925-1.jpg 1800w\" sizes=\"(max-width: 1024px) 100vw, 1024px\" \/><\/figure><div class=\"wp-block-media-text__content\">\n<h2 class=\"fleur\" id=\"des-parcelles-vastes-et-arborees-pour-des-vacances-nature\">Gro\u00dfe Parzellen mit B\u00e4umen <em>f\u00fcr einen Natururlaub in der Ard\u00e8che<\/em><\/h2>\n\n\n\n<ul class=\"pictos\"><li><i class=\"fas fa-trees\"><\/i> <strong>Gro\u00dfe Parzellen<\/strong> <em>mit Blumen und B\u00e4umen<\/em><\/li><li><i class=\"fas fa-spa\"><\/i> <strong>Privatsph\u00e4re bleibt gewahrt<\/strong> <em>wie zu Hause<\/em><\/li><li><i class=\"fas fa-wheelchair\"><\/i> <strong>Zug\u00e4nglich <\/strong><em>f\u00fcr Behinderte<\/em><\/li><\/ul>\n\n\n\n<p>Das satte Gr\u00fcn des Grases und der B\u00e4ume, das tiefe Blau des Himmels, das Gelb der Sonne, das Purpurrot und Gold der Blumen: Erleben Sie den Urlaub in Farbe auf dem Campingplatz Harmony!<\/p>\n\n\n\n<div class=\"wp-block-group lire-plus-mobile\"><div class=\"wp-block-group__inner-container\">\n<p>Lesen Sie mehr<\/p>\n\n\n\n<div class=\"wp-container-69df29f5dad1e wp-block-group\"><div class=\"wp-block-group__inner-container\">\n<p>Schlagen Sie Ihr Zelt auf oder parken Sie Ihr Wohnmobil oder Ihren Wohnwagen auf einem unserer weitl\u00e4ufigen, baumbestandenen Grundst\u00fccke. Mi schattig und auf flachem Grasland k\u00f6nnen Sie das s\u00fc\u00dfe Leben in der Ard\u00e8che in vollen Z\u00fcgen genie\u00dfen.  <\/p>\n\n\n\n<p>Abgegrenzt durch Hecken und einschlie\u00dflich gro\u00dfer, pr\u00e4chtiger B\u00e4ume (Eichen, Akazien, Pappeln &#8230;): Ihre Privatsph\u00e4re ist garantiert. Es ist, als w\u00e4ren Sie zu Hause!<br>Alle Parzellen verf\u00fcgen \u00fcber einen 16-Ampere-Stromanschluss (denken Sie daran, Ihren Adapter mitzubringen aber wir k\u00f6nnen dir eins leihen) und befinden sich in unmittelbarer N\u00e4he von Wasserstellen und Sanit\u00e4ranlagen (WCs und Duschen).  <\/p>\n\n\n\n<p>Au\u00dferdem steht Ihnen ein Waschraum mit W\u00e4schetrockner und Waschmaschine.<\/p>\n<\/div><\/div>\n<\/div><\/div>\n\n\n\n<div class=\"wp-container-69df29f5db0d9 wp-block-buttons\">\n<div class=\"wp-block-button\"><a class=\"wp-block-button__link\" href=\"https:\/\/www.campingdecruas.com\/wp-content\/uploads\/2026\/01\/TARIFS-EMPLACEMENTS-2026.pdf\" target=\"_blank\" rel=\"noreferrer noopener\"><i class=\"fas fa-tags\"><\/i>  Entdecken Sie die Preise<\/a><\/div>\n<\/div>\n<\/div><\/div>\n\n\n\n<div class=\"wp-block-media-text alignfull is-stacked-on-mobile is-image-fill H-20 has-jaune-background-color has-background\"><figure class=\"wp-block-media-text__media\" style=\"background-image:url(https:\/\/www.campingdecruas.com\/wp-content\/uploads\/2023\/03\/245-hebergement-emplacement-1800x925-1-1024x526.jpg);background-position:50% 50%\"><img width=\"1024\" height=\"526\" src=\"https:\/\/www.campingdecruas.com\/wp-content\/uploads\/2023\/03\/245-hebergement-emplacement-1800x925-1-1024x526.jpg\" alt=\"emplacement france camping\" class=\"wp-image-703 size-full\" srcset=\"https:\/\/www.campingdecruas.com\/wp-content\/uploads\/2023\/03\/245-hebergement-emplacement-1800x925-1-1024x526.jpg 1024w, https:\/\/www.campingdecruas.com\/wp-content\/uploads\/2023\/03\/245-hebergement-emplacement-1800x925-1-300x154.jpg 300w, https:\/\/www.campingdecruas.com\/wp-content\/uploads\/2023\/03\/245-hebergement-emplacement-1800x925-1-768x395.jpg 768w, https:\/\/www.campingdecruas.com\/wp-content\/uploads\/2023\/03\/245-hebergement-emplacement-1800x925-1-1536x789.jpg 1536w, https:\/\/www.campingdecruas.com\/wp-content\/uploads\/2023\/03\/245-hebergement-emplacement-1800x925-1.jpg 1800w\" sizes=\"(max-width: 1024px) 100vw, 1024px\" \/><\/figure><div class=\"wp-block-media-text__content\">\n<h2 class=\"petale-vert has-bleu-fonce-color has-text-color\" id=\"une-situation-ideale-sur-la-viarhona\">Komfortplatz in der Ard\u00e8che<\/h2>\n\n\n\n<ul class=\"pictos col-2\"><li><i class=\"fas fa-cube\"><\/i> <strong>Fl\u00e4che<\/strong> <em>80-110 m\u00b2<\/em><\/li><li><i class=\"fas fa-bolt\"><\/i> <strong>Elektrizit\u00e4t<\/strong> <em>16 A (extra)<\/em><\/li><li><i class=\"fas fa-droplet\"><\/i> <strong>Wasser<\/strong> <em>nicht<\/em><\/li><li><i class=\"fas fa-wheelchair\"><\/i> <strong>Individuelle Sanit\u00e4ranlagen <\/strong><em>f\u00fcr Behinderte<\/em><\/li><li><i class=\"fas fa-dog\"><\/i> <strong>Option<\/strong> <em>Haustiere erlaubt<\/em><\/li><\/ul>\n\n\n\n<div class=\"wp-container-69df29f5db4ba wp-block-buttons\">\n<div class=\"wp-block-button\"><a class=\"wp-block-button__link\" href=\"https:\/\/www.campingdecruas.com\/de\/kontakt\/\"><i class=\"fas fa-mailbox\"><\/i>  Kontaktieren Sie uns<\/a><\/div>\n<\/div>\n<\/div><\/div>\n\n\n\n<div class=\"wp-block-media-text alignfull has-media-on-the-right is-stacked-on-mobile is-image-fill H-05 has-bleu-fonce-background-color has-background\"><figure class=\"wp-block-media-text__media\" style=\"background-image:url(https:\/\/www.campingdecruas.com\/wp-content\/uploads\/2023\/11\/river-6907705_1280-683x1024.jpg);background-position:50% 50%\"><img width=\"683\" height=\"1024\" src=\"https:\/\/www.campingdecruas.com\/wp-content\/uploads\/2023\/11\/river-6907705_1280-683x1024.jpg\" alt=\"vall\u00e9e Ard\u00e8che\" class=\"wp-image-1669 size-full\" srcset=\"https:\/\/www.campingdecruas.com\/wp-content\/uploads\/2023\/11\/river-6907705_1280-683x1024.jpg 683w, https:\/\/www.campingdecruas.com\/wp-content\/uploads\/2023\/11\/river-6907705_1280-200x300.jpg 200w, https:\/\/www.campingdecruas.com\/wp-content\/uploads\/2023\/11\/river-6907705_1280-768x1151.jpg 768w, https:\/\/www.campingdecruas.com\/wp-content\/uploads\/2023\/11\/river-6907705_1280.jpg 854w\" sizes=\"(max-width: 683px) 100vw, 683px\" \/><\/figure><div class=\"wp-block-media-text__content\">\n<h2 class=\"fleur\" id=\"auf-einem-zeltplatz-in-der-ardeche-campen-gehen\">Auf einem Zeltplatz in der Ard\u00e8che campen gehen<\/h2>\n\n\n\n<p>In der Ard\u00e8che inmitten der Natur zu campen bedeutet, sich eine authentische Auszeit inmitten atemberaubender Landschaften zu g\u00f6nnen. Weit weg von der st\u00e4dtischen Hektik bietet diese Erfahrung die M\u00f6glichkeit, sich wieder mit dem Wesentlichen zu verbinden: der Natur, der Ruhe und der Einfachheit. Die<strong> Ard\u00e8che <\/strong>ist mit ihren kristallklaren Fl\u00fcssen, gr\u00fcnen W\u00e4ldern und majest\u00e4tischen Bergen ein ideales Reiseziel f\u00fcr Campingfreunde. Ob man sein <strong>Zelt am Ufer eines Flusses<\/strong> oder am Fu\u00dfe einer Klippe aufstellt, jeder Platz verspricht ein v\u00f6lliges Eintauchen in eine unber\u00fchrte Naturlandschaft.<\/p>\n\n\n\n<p>Die N\u00e4chte unter dem Sternenhimmel, eingelullt vom Zirpen der Grillen, bieten eine echte Auszeit vom Alltag. Morgens von Vogelgezwitscher geweckt zu werden und die frische Bergluft zu genie\u00dfen, ist ein einzigartiges Vergn\u00fcgen. Tags\u00fcber gibt es unendlich viele M\u00f6glichkeiten f\u00fcr Aktivit\u00e4ten: <strong><a href=\"https:\/\/www.campingdecruas.com\/de\/alentours\/wandern-in-der-ardeche\/\">Wanderungen <\/a><\/strong>auf steilen Pfaden, Schwimmen in Schluchten oder Radtouren durch malerische Landschaften.<\/p>\n\n\n\n<p><strong>Camping in der Ard\u00e8che<\/strong> f\u00f6rdert auch gemeinsame Momente mit der Familie oder mit Freunden am Lagerfeuer oder bei einem Essen im Freien. Es ist eine einfache und gesellige Art, die Sch\u00f6nheit dieser Region zu entdecken. Kurz gesagt: <strong>Zelten in der Ard\u00e8che<\/strong> bedeutet, wieder mit der Natur <strong>in<\/strong> Kontakt zu kommen und gleichzeitig unvergessliche Erinnerungen zu schaffen.<\/p>\n<\/div><\/div>\n","protected":false},"excerpt":{"rendered":"<p>Ger\u00e4umige Stellpl\u00e4tze F\u00fcr Zelte, Wohnwagen und Wohnmobile in der Ard\u00e8che Ein Zeltplatz in der Ard\u00e8che bietet die perfekte Kombination aus Natur, Ruhe und authentischem Campinggef\u00fchl. Im Camping de Cruas erwarten Sie ger\u00e4umige und angenehm schattige Stellpl\u00e4tze, ideal f\u00fcr Zelte, Wohnmobile oder Wohnwagen. Die Ard\u00e8che ist eine Region voller Naturvielfalt \u2013 von gr\u00fcnen T\u00e4lern bis hin [&hellip;]<\/p>\n","protected":false},"author":1,"featured_media":0,"parent":0,"menu_order":0,"comment_status":"closed","ping_status":"closed","template":"","meta":[],"acf":[],"_links":{"self":[{"href":"https:\/\/www.campingdecruas.com\/de\/wp-json\/wp\/v2\/pages\/1166"}],"collection":[{"href":"https:\/\/www.campingdecruas.com\/de\/wp-json\/wp\/v2\/pages"}],"about":[{"href":"https:\/\/www.campingdecruas.com\/de\/wp-json\/wp\/v2\/types\/page"}],"author":[{"embeddable":true,"href":"https:\/\/www.campingdecruas.com\/de\/wp-json\/wp\/v2\/users\/1"}],"replies":[{"embeddable":true,"href":"https:\/\/www.campingdecruas.com\/de\/wp-json\/wp\/v2\/comments?post=1166"}],"version-history":[{"count":7,"href":"https:\/\/www.campingdecruas.com\/de\/wp-json\/wp\/v2\/pages\/1166\/revisions"}],"predecessor-version":[{"id":2831,"href":"https:\/\/www.campingdecruas.com\/de\/wp-json\/wp\/v2\/pages\/1166\/revisions\/2831"}],"wp:attachment":[{"href":"https:\/\/www.campingdecruas.com\/de\/wp-json\/wp\/v2\/media?parent=1166"}],"curies":[{"name":"wp","href":"https:\/\/api.w.org\/{rel}","templated":true}]}}